{"id":1025,"date":"2020-01-13T09:02:38","date_gmt":"2020-01-13T08:02:38","guid":{"rendered":"http:\/\/www.pujante.com\/?page_id=1025"},"modified":"2025-12-17T09:56:09","modified_gmt":"2025-12-17T08:56:09","slug":"medio-ambiente","status":"publish","type":"page","link":"https:\/\/pujante.com\/en\/medio-ambiente\/","title":{"rendered":"Medio Ambiente"},"content":{"rendered":"<div data-elementor-type=\"wp-page\" data-elementor-id=\"1025\" class=\"elementor elementor-1025\" data-elementor-post-type=\"page\">\n\t\t\t\t\t\t<section class=\"elementor-section elementor-top-section elementor-element elementor-element-8424e5e elementor-section-full_width elementor-hidden-tablet elementor-hidden-mobile elementor-section-height-default elementor-section-height-default\" data-id=\"8424e5e\" data-element_type=\"section\">\n\t\t\t\t\t\t<div class=\"elementor-container elementor-column-gap-no\">\n\t\t\t\t\t<div class=\"elementor-column elementor-col-100 elementor-top-column elementor-element elementor-element-f19863e\" data-id=\"f19863e\" data-element_type=\"column\">\n\t\t\t<div class=\"elementor-widget-wrap elementor-element-populated\">\n\t\t\t\t\t\t<div class=\"elementor-element elementor-element-8c19c84 elementor--h-position-center elementor--v-position-middle elementor-arrows-position-inside elementor-pagination-position-inside elementor-widget elementor-widget-slides\" data-id=\"8c19c84\" data-element_type=\"widget\" data-settings=\"{&quot;navigation&quot;:&quot;both&quot;,&quot;autoplay&quot;:&quot;yes&quot;,&quot;pause_on_hover&quot;:&quot;yes&quot;,&quot;pause_on_interaction&quot;:&quot;yes&quot;,&quot;autoplay_speed&quot;:5000,&quot;infinite&quot;:&quot;yes&quot;,&quot;transition&quot;:&quot;slide&quot;,&quot;transition_speed&quot;:500}\" data-widget_type=\"slides.default\">\n\t\t\t\t<div class=\"elementor-widget-container\">\n\t\t\t\t\t\t\t\t\t<div class=\"elementor-swiper\">\n\t\t\t\t\t<div class=\"elementor-slides-wrapper elementor-main-swiper swiper\" role=\"region\" aria-roledescription=\"carousel\" aria-label=\"Diapositivas\" dir=\"ltr\" data-animation=\"fadeInUp\">\n\t\t\t\t<div class=\"swiper-wrapper elementor-slides\">\n\t\t\t\t\t\t\t\t\t\t<div class=\"elementor-repeater-item-e8fa5db swiper-slide\" role=\"group\" aria-roledescription=\"slide\"><div class=\"swiper-slide-bg\" role=\"img\" aria-label=\"Calidad desktop\"><\/div><div class=\"swiper-slide-inner\" ><div class=\"swiper-slide-contents\"><div class=\"elementor-slide-heading\">ENVIRONMENT<\/div><\/div><\/div><\/div>\t\t\t\t<\/div>\n\t\t\t\t\t\t\t<\/div>\n\t\t\t\t<\/div>\n\t\t\t\t\t\t\t\t<\/div>\n\t\t\t\t<\/div>\n\t\t\t\t\t<\/div>\n\t\t<\/div>\n\t\t\t\t\t<\/div>\n\t\t<\/section>\n\t\t\t\t<section class=\"elementor-section elementor-top-section elementor-element elementor-element-71e790c elementor-section-full_width elementor-hidden-desktop elementor-hidden-laptop elementor-section-height-default elementor-section-height-default\" data-id=\"71e790c\" data-element_type=\"section\">\n\t\t\t\t\t\t<div class=\"elementor-container elementor-column-gap-no\">\n\t\t\t\t\t<div class=\"elementor-column elementor-col-100 elementor-top-column elementor-element elementor-element-b80f4f2\" data-id=\"b80f4f2\" data-element_type=\"column\">\n\t\t\t<div class=\"elementor-widget-wrap elementor-element-populated\">\n\t\t\t\t\t\t<div class=\"elementor-element elementor-element-9bf928b elementor--h-position-center elementor--v-position-middle elementor-arrows-position-inside elementor-pagination-position-inside elementor-widget elementor-widget-slides\" data-id=\"9bf928b\" data-element_type=\"widget\" data-settings=\"{&quot;navigation&quot;:&quot;both&quot;,&quot;autoplay&quot;:&quot;yes&quot;,&quot;pause_on_hover&quot;:&quot;yes&quot;,&quot;pause_on_interaction&quot;:&quot;yes&quot;,&quot;autoplay_speed&quot;:5000,&quot;infinite&quot;:&quot;yes&quot;,&quot;transition&quot;:&quot;slide&quot;,&quot;transition_speed&quot;:500}\" data-widget_type=\"slides.default\">\n\t\t\t\t<div class=\"elementor-widget-container\">\n\t\t\t\t\t\t\t\t\t<div class=\"elementor-swiper\">\n\t\t\t\t\t<div class=\"elementor-slides-wrapper elementor-main-swiper swiper\" role=\"region\" aria-roledescription=\"carousel\" aria-label=\"Diapositivas\" dir=\"ltr\" data-animation=\"fadeInUp\">\n\t\t\t\t<div class=\"swiper-wrapper elementor-slides\">\n\t\t\t\t\t\t\t\t\t\t<div class=\"elementor-repeater-item-e8fa5db swiper-slide\" role=\"group\" aria-roledescription=\"slide\"><div class=\"swiper-slide-bg\" role=\"img\" aria-label=\"calidad mov\"><\/div><div class=\"swiper-slide-inner\" ><div class=\"swiper-slide-contents\"><div class=\"elementor-slide-heading\">ENVIRONMENT<\/div><\/div><\/div><\/div>\t\t\t\t<\/div>\n\t\t\t\t\t\t\t<\/div>\n\t\t\t\t<\/div>\n\t\t\t\t\t\t\t\t<\/div>\n\t\t\t\t<\/div>\n\t\t\t\t\t<\/div>\n\t\t<\/div>\n\t\t\t\t\t<\/div>\n\t\t<\/section>\n\t\t\t\t<section class=\"elementor-section elementor-top-section elementor-element elementor-element-d5b5004 square-list elementor-section-boxed elementor-section-height-default elementor-section-height-default\" data-id=\"d5b5004\" data-element_type=\"section\">\n\t\t\t\t\t\t<div class=\"elementor-container elementor-column-gap-wide\">\n\t\t\t\t\t<div class=\"elementor-column elementor-col-50 elementor-top-column elementor-element elementor-element-eeb6ab0\" data-id=\"eeb6ab0\" data-element_type=\"column\">\n\t\t\t<div class=\"elementor-widget-wrap elementor-element-populated\">\n\t\t\t\t\t\t<div class=\"elementor-element elementor-element-500c62d elementor-widget elementor-widget-text-editor\" data-id=\"500c62d\" data-element_type=\"widget\" data-widget_type=\"text-editor.default\">\n\t\t\t\t<div class=\"elementor-widget-container\">\n\t\t\t\t\t\t\t\t\t<p class=\"translation-block\">At <strong>PUJANTE<\/strong>, we believe that companies must act responsibly in all their activities and\nbring greater value to every sector with which they interact. For this reason, we are\ncommitted to a business model that not only provides services that meet customer\nexpectations but also embraces excellence and sustainable development, contributing to\neconomic growth, social well-being, and environmental balance. This ensures a better life\nfor both present and future generations.<\/p><p class=\"translation-block\">To uphold these principles, we have implemented and maintain an environmental\nmanagement system based on the <strong>ISO 14001<\/strong> standard.<\/p>\t\t\t\t\t\t\t\t<\/div>\n\t\t\t\t<\/div>\n\t\t\t\t\t<\/div>\n\t\t<\/div>\n\t\t\t\t<div class=\"elementor-column elementor-col-50 elementor-top-column elementor-element elementor-element-f9d0832\" data-id=\"f9d0832\" data-element_type=\"column\">\n\t\t\t<div class=\"elementor-widget-wrap elementor-element-populated\">\n\t\t\t\t\t\t<div class=\"elementor-element elementor-element-0c1fb47 elementor-widget elementor-widget-image\" data-id=\"0c1fb47\" data-element_type=\"widget\" data-widget_type=\"image.default\">\n\t\t\t\t<div class=\"elementor-widget-container\">\n\t\t\t\t\t\t\t\t\t\t\t\t\t\t\t<img fetchpriority=\"high\" decoding=\"async\" width=\"800\" height=\"534\" src=\"https:\/\/pujante.com\/wp-content\/uploads\/medio-ambiente-pujante.jpg\" class=\"attachment-large size-large wp-image-1032\" alt=\"\" srcset=\"https:\/\/pujante.com\/wp-content\/uploads\/medio-ambiente-pujante.jpg 1726w, https:\/\/pujante.com\/wp-content\/uploads\/medio-ambiente-pujante-600x400.jpg 600w, https:\/\/pujante.com\/wp-content\/uploads\/medio-ambiente-pujante-768x513.jpg 768w, https:\/\/pujante.com\/wp-content\/uploads\/medio-ambiente-pujante-1536x1025.jpg 1536w\" sizes=\"(max-width: 800px) 100vw, 800px\" \/>\t\t\t\t\t\t\t\t\t\t\t\t\t\t\t<\/div>\n\t\t\t\t<\/div>\n\t\t\t\t\t<\/div>\n\t\t<\/div>\n\t\t\t\t\t<\/div>\n\t\t<\/section>\n\t\t\t\t<section class=\"elementor-section elementor-top-section elementor-element elementor-element-1a43213 square-list elementor-section-boxed elementor-section-height-default elementor-section-height-default\" data-id=\"1a43213\" data-element_type=\"section\">\n\t\t\t\t\t\t<div class=\"elementor-container elementor-column-gap-wide\">\n\t\t\t\t\t<div class=\"elementor-column elementor-col-100 elementor-top-column elementor-element elementor-element-8c8469d\" data-id=\"8c8469d\" data-element_type=\"column\">\n\t\t\t<div class=\"elementor-widget-wrap elementor-element-populated\">\n\t\t\t\t\t\t<div class=\"elementor-element elementor-element-d0e0ae2 elementor-widget elementor-widget-text-editor\" data-id=\"d0e0ae2\" data-element_type=\"widget\" data-widget_type=\"text-editor.default\">\n\t\t\t\t<div class=\"elementor-widget-container\">\n\t\t\t\t\t\t\t\t\t<p class=\"translation-block\">At PUJANTE, we commit to fullling, communicating to all relevant stakeholders, and\npromoting this policy, which is grounded in the following principles and general\nobjectives:<\/p>\t\t\t\t\t\t\t\t<\/div>\n\t\t\t\t<\/div>\n\t\t\t\t\t<\/div>\n\t\t<\/div>\n\t\t\t\t\t<\/div>\n\t\t<\/section>\n\t\t\t\t<section class=\"elementor-section elementor-top-section elementor-element elementor-element-d3a65b0 square-list elementor-section-boxed elementor-section-height-default elementor-section-height-default\" data-id=\"d3a65b0\" data-element_type=\"section\">\n\t\t\t\t\t\t<div class=\"elementor-container elementor-column-gap-wide\">\n\t\t\t\t\t<div class=\"elementor-column elementor-col-50 elementor-top-column elementor-element elementor-element-c2c63c8\" data-id=\"c2c63c8\" data-element_type=\"column\">\n\t\t\t<div class=\"elementor-widget-wrap elementor-element-populated\">\n\t\t\t\t\t\t<div class=\"elementor-element elementor-element-6a075ba elementor-widget elementor-widget-text-editor\" data-id=\"6a075ba\" data-element_type=\"widget\" data-widget_type=\"text-editor.default\">\n\t\t\t\t<div class=\"elementor-widget-container\">\n\t\t\t\t\t\t\t\t\t<ul><li>Adhere to customer, legal, and other applicable requirements related to the\nenvironmental aspects of our activities, products, services, and facilities.<\/li><li>Continuously enhance the management system (MS), its processes, customer\nsatisfaction, employee and societal well-being, and environmental performance.<\/li><li><span data-teams=\"true\">Adoptar medidas para eliminar y, cuando ello no sea posible, prevenir la contaminaci\u00f3n; implantando las medidas de mejora correspondientes y teniendo en cuenta todos aquellos aspectos necesarios para garantizar la protecci\u00f3n del Medio Ambiente.<\/span><\/li><li>Raise awareness among employees and individuals working for our organization,\nemphasizing their responsibility for quality work and environmental protection.<\/li><li>Provide and optimize the human and infrastructural resources necessary for the\nefective performance of the MS, including employee training.<\/li><li>Promote internal and external communication with transparency, informing\nsuppliers and customers about measures taken to protect the environment and\nensure worker safety and health.<\/li><\/ul>\t\t\t\t\t\t\t\t<\/div>\n\t\t\t\t<\/div>\n\t\t\t\t\t<\/div>\n\t\t<\/div>\n\t\t\t\t<div class=\"elementor-column elementor-col-50 elementor-top-column elementor-element elementor-element-70d5d88\" data-id=\"70d5d88\" data-element_type=\"column\">\n\t\t\t<div class=\"elementor-widget-wrap elementor-element-populated\">\n\t\t\t\t\t\t<div class=\"elementor-element elementor-element-12de0e7 elementor-widget elementor-widget-text-editor\" data-id=\"12de0e7\" data-element_type=\"widget\" data-widget_type=\"text-editor.default\">\n\t\t\t\t<div class=\"elementor-widget-container\">\n\t\t\t\t\t\t\t\t\t<ul><li>Identify diferent types of waste and pollution generated, and use natural resources\n(energy and raw materials) sustainably to minimize environmental impact across all\nactivities, products, and processes from a lifecycle perspective.<\/li><li>Create a safe work environment by eliminating occupational hazards and\ncontrolling or minimizing risks that cannot be eliminated.<\/li><li>Encourage safe behaviors and healthy habits in the workplace, as well as worker\nparticipation in identifying hazards.<\/li><\/ul><p class=\"translation-block\">All PUJANTE personnel play a vital role in this MS, and their collaboration and commitment to this <strong><u>policy<\/u><\/strong> are essential for its effective implementation.<\/p><p><i>Esta pol\u00edtica se ha revisado y actualizado el 04 de septiembre de 2025.\u00a0<\/i><\/p>\t\t\t\t\t\t\t\t<\/div>\n\t\t\t\t<\/div>\n\t\t\t\t\t<\/div>\n\t\t<\/div>\n\t\t\t\t\t<\/div>\n\t\t<\/section>\n\t\t\t\t<section class=\"elementor-section elementor-top-section elementor-element elementor-element-a1d3a51 square-list elementor-hidden-desktop elementor-hidden-tablet elementor-hidden-phone elementor-section-boxed elementor-section-height-default elementor-section-height-default\" data-id=\"a1d3a51\" data-element_type=\"section\">\n\t\t\t\t\t\t<div class=\"elementor-container elementor-column-gap-wide\">\n\t\t\t\t\t<div class=\"elementor-column elementor-col-100 elementor-top-column elementor-element elementor-element-6a133cc\" data-id=\"6a133cc\" data-element_type=\"column\">\n\t\t\t<div class=\"elementor-widget-wrap elementor-element-populated\">\n\t\t\t\t\t\t<div class=\"elementor-element elementor-element-9fbf1cd elementor-widget elementor-widget-image\" data-id=\"9fbf1cd\" data-element_type=\"widget\" data-widget_type=\"image.default\">\n\t\t\t\t<div class=\"elementor-widget-container\">\n\t\t\t\t\t\t\t\t\t\t\t\t\t\t\t<img decoding=\"async\" width=\"600\" height=\"600\" src=\"https:\/\/pujante.com\/wp-content\/uploads\/iso-14001-logo.jpg\" class=\"attachment-medium size-medium wp-image-1035\" alt=\"\" srcset=\"https:\/\/pujante.com\/wp-content\/uploads\/iso-14001-logo.jpg 600w, https:\/\/pujante.com\/wp-content\/uploads\/iso-14001-logo-100x100.jpg 100w, https:\/\/pujante.com\/wp-content\/uploads\/iso-14001-logo-300x300.jpg 300w\" sizes=\"(max-width: 600px) 100vw, 600px\" \/>\t\t\t\t\t\t\t\t\t\t\t\t\t\t\t<\/div>\n\t\t\t\t<\/div>\n\t\t\t\t\t<\/div>\n\t\t<\/div>\n\t\t\t\t\t<\/div>\n\t\t<\/section>\n\t\t\t\t<\/div>","protected":false},"excerpt":{"rendered":"<p>MEDIO AMBIENTE MEDIO AMBIENTE En\u00a0PUJANTE\u00a0creemos que las empresas deben tener comportamientos responsables en el ejercicio de todas sus actividades y aportar una mayor utilidad a todos los sectores con los que se relacionan. Por ello, apostamos por un modelo de empresa que, adem\u00e1s de ofrecer a los clientes servicios que cumplan sus expectativas, tambi\u00e9n est\u00e9 [&hellip;]<\/p>","protected":false},"author":1,"featured_media":0,"parent":0,"menu_order":0,"comment_status":"closed","ping_status":"closed","template":"elementor_header_footer","meta":{"_acf_changed":false,"footnotes":""},"class_list":["post-1025","page","type-page","status-publish","hentry"],"acf":[],"yoast_head":"<!-- This site is optimized with the Yoast SEO plugin v26.8 - https:\/\/yoast.com\/product\/yoast-seo-wordpress\/ -->\n<title>Medio Ambiente - Pujante<\/title>\n<meta name=\"description\" content=\"Creemos que las empresas deben actuar con responsabilidad en el ejercicio de sus actividades y apoyar a los sectores con los que se relacionan.\" \/>\n<meta name=\"robots\" content=\"index, follow, max-snippet:-1, max-image-preview:large, max-video-preview:-1\" \/>\n<link rel=\"canonical\" href=\"https:\/\/pujante.com\/en\/medio-ambiente\/\" \/>\n<meta property=\"og:locale\" content=\"en_US\" \/>\n<meta property=\"og:type\" content=\"article\" \/>\n<meta property=\"og:title\" content=\"Medio Ambiente - Pujante\" \/>\n<meta property=\"og:description\" content=\"Creemos que las empresas deben actuar con responsabilidad en el ejercicio de sus actividades y apoyar a los sectores con los que se relacionan.\" \/>\n<meta property=\"og:url\" content=\"https:\/\/pujante.com\/en\/medio-ambiente\/\" \/>\n<meta property=\"og:site_name\" content=\"Pujante\" \/>\n<meta property=\"article:modified_time\" content=\"2025-12-17T08:56:09+00:00\" \/>\n<meta property=\"og:image\" content=\"https:\/\/pujante.com\/wp-content\/uploads\/medio-ambiente-pujante.jpg\" \/>\n\t<meta property=\"og:image:width\" content=\"1726\" \/>\n\t<meta property=\"og:image:height\" content=\"1152\" \/>\n\t<meta property=\"og:image:type\" content=\"image\/jpeg\" \/>\n<meta name=\"twitter:card\" content=\"summary_large_image\" \/>\n<meta name=\"twitter:label1\" content=\"Est. reading time\" \/>\n\t<meta name=\"twitter:data1\" content=\"3 minutes\" \/>\n<script type=\"application\/ld+json\" class=\"yoast-schema-graph\">{\"@context\":\"https:\/\/schema.org\",\"@graph\":[{\"@type\":\"WebPage\",\"@id\":\"https:\/\/pujante.com\/medio-ambiente\/\",\"url\":\"https:\/\/pujante.com\/medio-ambiente\/\",\"name\":\"Medio Ambiente - Pujante\",\"isPartOf\":{\"@id\":\"https:\/\/pujante.com\/#website\"},\"primaryImageOfPage\":{\"@id\":\"https:\/\/pujante.com\/medio-ambiente\/#primaryimage\"},\"image\":{\"@id\":\"https:\/\/pujante.com\/medio-ambiente\/#primaryimage\"},\"thumbnailUrl\":\"https:\/\/pujante.com\/wp-content\/uploads\/medio-ambiente-pujante.jpg\",\"datePublished\":\"2020-01-13T08:02:38+00:00\",\"dateModified\":\"2025-12-17T08:56:09+00:00\",\"description\":\"Creemos que las empresas deben actuar con responsabilidad en el ejercicio de sus actividades y apoyar a los sectores con los que se relacionan.\",\"breadcrumb\":{\"@id\":\"https:\/\/pujante.com\/medio-ambiente\/#breadcrumb\"},\"inLanguage\":\"en-US\",\"potentialAction\":[{\"@type\":\"ReadAction\",\"target\":[\"https:\/\/pujante.com\/medio-ambiente\/\"]}]},{\"@type\":\"ImageObject\",\"inLanguage\":\"en-US\",\"@id\":\"https:\/\/pujante.com\/medio-ambiente\/#primaryimage\",\"url\":\"https:\/\/pujante.com\/wp-content\/uploads\/medio-ambiente-pujante.jpg\",\"contentUrl\":\"https:\/\/pujante.com\/wp-content\/uploads\/medio-ambiente-pujante.jpg\"},{\"@type\":\"BreadcrumbList\",\"@id\":\"https:\/\/pujante.com\/medio-ambiente\/#breadcrumb\",\"itemListElement\":[{\"@type\":\"ListItem\",\"position\":1,\"name\":\"Portada\",\"item\":\"https:\/\/pujante.com\/\"},{\"@type\":\"ListItem\",\"position\":2,\"name\":\"Medio Ambiente\"}]},{\"@type\":\"WebSite\",\"@id\":\"https:\/\/pujante.com\/#website\",\"url\":\"https:\/\/pujante.com\/\",\"name\":\"Pujante\",\"description\":\"El \u00fanico pollo nacido y criado en la Regi\u00f3n de Murcia\",\"potentialAction\":[{\"@type\":\"SearchAction\",\"target\":{\"@type\":\"EntryPoint\",\"urlTemplate\":\"https:\/\/pujante.com\/?s={search_term_string}\"},\"query-input\":{\"@type\":\"PropertyValueSpecification\",\"valueRequired\":true,\"valueName\":\"search_term_string\"}}],\"inLanguage\":\"en-US\"}]}<\/script>\n<!-- \/ Yoast SEO plugin. -->","yoast_head_json":{"title":"Medio Ambiente - Pujante","description":"Creemos que las empresas deben actuar con responsabilidad en el ejercicio de sus actividades y apoyar a los sectores con los que se relacionan.","robots":{"index":"index","follow":"follow","max-snippet":"max-snippet:-1","max-image-preview":"max-image-preview:large","max-video-preview":"max-video-preview:-1"},"canonical":"https:\/\/pujante.com\/en\/medio-ambiente\/","og_locale":"en_US","og_type":"article","og_title":"Medio Ambiente - Pujante","og_description":"Creemos que las empresas deben actuar con responsabilidad en el ejercicio de sus actividades y apoyar a los sectores con los que se relacionan.","og_url":"https:\/\/pujante.com\/en\/medio-ambiente\/","og_site_name":"Pujante","article_modified_time":"2025-12-17T08:56:09+00:00","og_image":[{"width":1726,"height":1152,"url":"https:\/\/pujante.com\/wp-content\/uploads\/medio-ambiente-pujante.jpg","type":"image\/jpeg"}],"twitter_card":"summary_large_image","twitter_misc":{"Est. reading time":"3 minutes"},"schema":{"@context":"https:\/\/schema.org","@graph":[{"@type":"WebPage","@id":"https:\/\/pujante.com\/medio-ambiente\/","url":"https:\/\/pujante.com\/medio-ambiente\/","name":"Medio Ambiente - Pujante","isPartOf":{"@id":"https:\/\/pujante.com\/#website"},"primaryImageOfPage":{"@id":"https:\/\/pujante.com\/medio-ambiente\/#primaryimage"},"image":{"@id":"https:\/\/pujante.com\/medio-ambiente\/#primaryimage"},"thumbnailUrl":"https:\/\/pujante.com\/wp-content\/uploads\/medio-ambiente-pujante.jpg","datePublished":"2020-01-13T08:02:38+00:00","dateModified":"2025-12-17T08:56:09+00:00","description":"Creemos que las empresas deben actuar con responsabilidad en el ejercicio de sus actividades y apoyar a los sectores con los que se relacionan.","breadcrumb":{"@id":"https:\/\/pujante.com\/medio-ambiente\/#breadcrumb"},"inLanguage":"en-US","potentialAction":[{"@type":"ReadAction","target":["https:\/\/pujante.com\/medio-ambiente\/"]}]},{"@type":"ImageObject","inLanguage":"en-US","@id":"https:\/\/pujante.com\/medio-ambiente\/#primaryimage","url":"https:\/\/pujante.com\/wp-content\/uploads\/medio-ambiente-pujante.jpg","contentUrl":"https:\/\/pujante.com\/wp-content\/uploads\/medio-ambiente-pujante.jpg"},{"@type":"BreadcrumbList","@id":"https:\/\/pujante.com\/medio-ambiente\/#breadcrumb","itemListElement":[{"@type":"ListItem","position":1,"name":"Portada","item":"https:\/\/pujante.com\/"},{"@type":"ListItem","position":2,"name":"Medio Ambiente"}]},{"@type":"WebSite","@id":"https:\/\/pujante.com\/#website","url":"https:\/\/pujante.com\/","name":"Pujante","description":"El \u00fanico pollo nacido y criado en la Regi\u00f3n de Murcia","potentialAction":[{"@type":"SearchAction","target":{"@type":"EntryPoint","urlTemplate":"https:\/\/pujante.com\/?s={search_term_string}"},"query-input":{"@type":"PropertyValueSpecification","valueRequired":true,"valueName":"search_term_string"}}],"inLanguage":"en-US"}]}},"_links":{"self":[{"href":"https:\/\/pujante.com\/en\/wp-json\/wp\/v2\/pages\/1025","targetHints":{"allow":["GET"]}}],"collection":[{"href":"https:\/\/pujante.com\/en\/wp-json\/wp\/v2\/pages"}],"about":[{"href":"https:\/\/pujante.com\/en\/wp-json\/wp\/v2\/types\/page"}],"author":[{"embeddable":true,"href":"https:\/\/pujante.com\/en\/wp-json\/wp\/v2\/users\/1"}],"replies":[{"embeddable":true,"href":"https:\/\/pujante.com\/en\/wp-json\/wp\/v2\/comments?post=1025"}],"version-history":[{"count":5,"href":"https:\/\/pujante.com\/en\/wp-json\/wp\/v2\/pages\/1025\/revisions"}],"predecessor-version":[{"id":22538,"href":"https:\/\/pujante.com\/en\/wp-json\/wp\/v2\/pages\/1025\/revisions\/22538"}],"wp:attachment":[{"href":"https:\/\/pujante.com\/en\/wp-json\/wp\/v2\/media?parent=1025"}],"curies":[{"name":"wp","href":"https:\/\/api.w.org\/{rel}","templated":true}]}}