{"id":14370,"date":"2024-05-03T12:17:52","date_gmt":"2024-05-03T10:17:52","guid":{"rendered":"https:\/\/pujante.com\/?page_id=14370"},"modified":"2024-05-03T12:23:10","modified_gmt":"2024-05-03T10:23:10","slug":"politica-de-calidad","status":"publish","type":"page","link":"https:\/\/pujante.com\/en\/politica-de-calidad\/","title":{"rendered":"Quality Policy"},"content":{"rendered":"<div data-elementor-type=\"wp-page\" data-elementor-id=\"14370\" class=\"elementor elementor-14370\" data-elementor-post-type=\"page\">\n\t\t\t\t\t\t<section class=\"elementor-section elementor-top-section elementor-element elementor-element-b76290c elementor-section-height-min-height elementor-section-boxed elementor-section-height-default elementor-section-items-middle\" data-id=\"b76290c\" data-element_type=\"section\" data-settings=\"{&quot;background_background&quot;:&quot;classic&quot;}\">\n\t\t\t\t\t\t\t<div class=\"elementor-background-overlay\"><\/div>\n\t\t\t\t\t\t\t<div class=\"elementor-container elementor-column-gap-default\">\n\t\t\t\t\t<div class=\"elementor-column elementor-col-100 elementor-top-column elementor-element elementor-element-1e19262\" data-id=\"1e19262\" data-element_type=\"column\">\n\t\t\t<div class=\"elementor-widget-wrap elementor-element-populated\">\n\t\t\t\t\t\t<div class=\"elementor-element elementor-element-c61e062 elementor-widget elementor-widget-heading\" data-id=\"c61e062\" data-element_type=\"widget\" data-widget_type=\"heading.default\">\n\t\t\t\t<div class=\"elementor-widget-container\">\n\t\t\t\t\t<h1 class=\"elementor-heading-title elementor-size-default\">Quality Policy<\/h1>\t\t\t\t<\/div>\n\t\t\t\t<\/div>\n\t\t\t\t\t<\/div>\n\t\t<\/div>\n\t\t\t\t\t<\/div>\n\t\t<\/section>\n\t\t\t\t<section class=\"elementor-section elementor-top-section elementor-element elementor-element-dff0b04 elementor-section-boxed elementor-section-height-default elementor-section-height-default\" data-id=\"dff0b04\" data-element_type=\"section\">\n\t\t\t\t\t\t<div class=\"elementor-container elementor-column-gap-default\">\n\t\t\t\t\t<div class=\"elementor-column elementor-col-100 elementor-top-column elementor-element elementor-element-473925a\" data-id=\"473925a\" data-element_type=\"column\">\n\t\t\t<div class=\"elementor-widget-wrap elementor-element-populated\">\n\t\t\t\t\t\t<div class=\"elementor-element elementor-element-43a9b3f elementor-widget elementor-widget-text-editor\" data-id=\"43a9b3f\" data-element_type=\"widget\" data-widget_type=\"text-editor.default\">\n\t\t\t\t<div class=\"elementor-widget-container\">\n\t\t\t\t\t\t\t\t\t<div>\n<p class=\"Textopredeterminado\">At HIJOS DE JUAN PUJANTE S.A., we are dedicated to the production, slaughtering,\nand marketing of poultry carcasses, their cutting (chicken, hen, and turkey), the\npreparation of processed meat products, and the commercialization of other fresh and\nfrozen meat products (rabbit, quail, etc.). Ensuring the quality and safety of the food\nproducts we oer is our utmost priority. For this reason, we are committed to maintaining\na Quality and Food Safety Management System.<\/p>\n<\/div>\n<div><\/div>\n<div>\n<p class=\"Textopredeterminado1\">At HIJOS DE JUAN PUJANTE S.A., we are aware that we are living in a time of constant\neconomic and industrial evolution. Therefore, we continually reinvest to renew and perfect\nour production and distribution systems, aiming to remain at the forefront of the poultry\nsector. Research, Development, and Innovation are the pillars of our work, driving\ncontinuous improvement in quality and food safety, which translates into the optimization\nof production resources as the foundation of a global strategy of Total Quality and\nContinuous Improvement. Evidence of this commitment is reected in the implementation\nof the IFS standard requirements in our production processes, meeting quality, hygiene,\noccupational safety, and environmental protection objectives, as well as our commitment\nto maintaining Halal slaughter guarantees<\/p>\n<\/div>\n<div><\/div>\n<div>\n<p class=\"Textopredeterminado1\">At HIJOS DE JUAN PUJANTE S.A., we know that the goal of Quality and Safety\nManagement is to meet customer needs eciently and protably while complying with\ncurrent legal requirements. For this reason, the concept of Quality is applied to every\naspect of our organization, respecting and valuing the most important factor\u2014our\nworkers\u2014who have been and continue to be the cornerstone of our development. As a\nresult, we apply and promote principles of workplace equality and family-work balance,\namong other initiatives.<\/p>\n\n<\/div>\n<div><\/div>\n<div>\n<p class=\"Textopredeterminado1\">At HIJOS DE JUAN PUJANTE S.A., we recognize the importance of each and every one\nof our workers and promote a food safety culture in which they play a key role in ensuring\nthat all products meet the highest quality and food safety guarantees.<\/p>\n\n<\/div>\n<div><\/div>\n<div>\n<p class=\"Textopredeterminado1\">The business project designed by HIJOS DE JUAN PUJANTE S.A. is adopted by our\nteam, which fully embraces this commitment to quality and continuous improvement as a\nhallmark of our identity. This commitment drives the constant enhancement of\nmanagement practices and operational methods based on ethical and professional\nresponsibility. We focus on continuous innovation, updating our systems, and seeking\nexcellence with the support of a skilled team that continuously contributes creative ideas\nfostering innovation and sustainability (including environmental, ethical, and personal\nresponsibility).<\/p>\n<\/div>\n<div>\n<p class=\"Textopredeterminado1\">For this reason, our commitment to quality management must be total and permanent. <b>This is our promise: Total Quality.<\/b><\/p>\n\n<\/div>\n<div>\n<p align=\"center\"><\/p>\n<p class=\"Textopredeterminado\" align=\"center\">Beniel, March 21, 2024<\/p>\n<p align=\"center\"><\/p>\n\n<\/div>\t\t\t\t\t\t\t\t<\/div>\n\t\t\t\t<\/div>\n\t\t\t\t\t<\/div>\n\t\t<\/div>\n\t\t\t\t\t<\/div>\n\t\t<\/section>\n\t\t\t\t<\/div>","protected":false},"excerpt":{"rendered":"<p>En HIJOS DE JUAN PUJANTE S.A., nos dedicamos a la producci\u00f3n, sacrificio y comercializaci\u00f3n de canales de ave, al despiece de las mismas (pollo, gallina y pavo), a la elaboraci\u00f3n de productos elaborados c\u00e1rnicos y a la comercializaci\u00f3n de otros productos c\u00e1rnicos frescos y congelados (conejos, codorniz&#8230;). tiene como m\u00e1xima prioridad la calidad e inocuidad [&hellip;]<\/p>","protected":false},"author":3,"featured_media":0,"parent":0,"menu_order":0,"comment_status":"closed","ping_status":"closed","template":"elementor_header_footer","meta":{"_acf_changed":false,"footnotes":""},"class_list":["post-14370","page","type-page","status-publish","hentry"],"acf":[],"yoast_head":"<!-- This site is optimized with the Yoast SEO plugin v26.8 - https:\/\/yoast.com\/product\/yoast-seo-wordpress\/ -->\n<title>Pol\u00edtica de Calidad - Pujante<\/title>\n<meta name=\"robots\" content=\"index, follow, max-snippet:-1, max-image-preview:large, max-video-preview:-1\" \/>\n<link rel=\"canonical\" href=\"https:\/\/pujante.com\/en\/politica-de-calidad\/\" \/>\n<meta property=\"og:locale\" content=\"en_US\" \/>\n<meta property=\"og:type\" content=\"article\" \/>\n<meta property=\"og:title\" content=\"Pol\u00edtica de Calidad - Pujante\" \/>\n<meta property=\"og:description\" content=\"En HIJOS DE JUAN PUJANTE S.A., nos dedicamos a la producci\u00f3n, sacrificio y comercializaci\u00f3n de canales de ave, al despiece de las mismas (pollo, gallina y pavo), a la elaboraci\u00f3n de productos elaborados c\u00e1rnicos y a la comercializaci\u00f3n de otros productos c\u00e1rnicos frescos y congelados (conejos, codorniz&#8230;). tiene como m\u00e1xima prioridad la calidad e inocuidad [&hellip;]\" \/>\n<meta property=\"og:url\" content=\"https:\/\/pujante.com\/en\/politica-de-calidad\/\" \/>\n<meta property=\"og:site_name\" content=\"Pujante\" \/>\n<meta property=\"article:modified_time\" content=\"2024-05-03T10:23:10+00:00\" \/>\n<meta name=\"twitter:card\" content=\"summary_large_image\" \/>\n<meta name=\"twitter:label1\" content=\"Est. reading time\" \/>\n\t<meta name=\"twitter:data1\" content=\"3 minutes\" \/>\n<script type=\"application\/ld+json\" class=\"yoast-schema-graph\">{\"@context\":\"https:\/\/schema.org\",\"@graph\":[{\"@type\":\"WebPage\",\"@id\":\"https:\/\/pujante.com\/politica-de-calidad\/\",\"url\":\"https:\/\/pujante.com\/politica-de-calidad\/\",\"name\":\"Pol\u00edtica de Calidad - Pujante\",\"isPartOf\":{\"@id\":\"https:\/\/pujante.com\/#website\"},\"datePublished\":\"2024-05-03T10:17:52+00:00\",\"dateModified\":\"2024-05-03T10:23:10+00:00\",\"breadcrumb\":{\"@id\":\"https:\/\/pujante.com\/politica-de-calidad\/#breadcrumb\"},\"inLanguage\":\"en-US\",\"potentialAction\":[{\"@type\":\"ReadAction\",\"target\":[\"https:\/\/pujante.com\/politica-de-calidad\/\"]}]},{\"@type\":\"BreadcrumbList\",\"@id\":\"https:\/\/pujante.com\/politica-de-calidad\/#breadcrumb\",\"itemListElement\":[{\"@type\":\"ListItem\",\"position\":1,\"name\":\"Portada\",\"item\":\"https:\/\/pujante.com\/\"},{\"@type\":\"ListItem\",\"position\":2,\"name\":\"Pol\u00edtica de Calidad\"}]},{\"@type\":\"WebSite\",\"@id\":\"https:\/\/pujante.com\/#website\",\"url\":\"https:\/\/pujante.com\/\",\"name\":\"Pujante\",\"description\":\"El \u00fanico pollo nacido y criado en la Regi\u00f3n de Murcia\",\"potentialAction\":[{\"@type\":\"SearchAction\",\"target\":{\"@type\":\"EntryPoint\",\"urlTemplate\":\"https:\/\/pujante.com\/?s={search_term_string}\"},\"query-input\":{\"@type\":\"PropertyValueSpecification\",\"valueRequired\":true,\"valueName\":\"search_term_string\"}}],\"inLanguage\":\"en-US\"}]}<\/script>\n<!-- \/ Yoast SEO plugin. -->","yoast_head_json":{"title":"Pol\u00edtica de Calidad - Pujante","robots":{"index":"index","follow":"follow","max-snippet":"max-snippet:-1","max-image-preview":"max-image-preview:large","max-video-preview":"max-video-preview:-1"},"canonical":"https:\/\/pujante.com\/en\/politica-de-calidad\/","og_locale":"en_US","og_type":"article","og_title":"Pol\u00edtica de Calidad - Pujante","og_description":"En HIJOS DE JUAN PUJANTE S.A., nos dedicamos a la producci\u00f3n, sacrificio y comercializaci\u00f3n de canales de ave, al despiece de las mismas (pollo, gallina y pavo), a la elaboraci\u00f3n de productos elaborados c\u00e1rnicos y a la comercializaci\u00f3n de otros productos c\u00e1rnicos frescos y congelados (conejos, codorniz&#8230;). tiene como m\u00e1xima prioridad la calidad e inocuidad [&hellip;]","og_url":"https:\/\/pujante.com\/en\/politica-de-calidad\/","og_site_name":"Pujante","article_modified_time":"2024-05-03T10:23:10+00:00","twitter_card":"summary_large_image","twitter_misc":{"Est. reading time":"3 minutes"},"schema":{"@context":"https:\/\/schema.org","@graph":[{"@type":"WebPage","@id":"https:\/\/pujante.com\/politica-de-calidad\/","url":"https:\/\/pujante.com\/politica-de-calidad\/","name":"Pol\u00edtica de Calidad - Pujante","isPartOf":{"@id":"https:\/\/pujante.com\/#website"},"datePublished":"2024-05-03T10:17:52+00:00","dateModified":"2024-05-03T10:23:10+00:00","breadcrumb":{"@id":"https:\/\/pujante.com\/politica-de-calidad\/#breadcrumb"},"inLanguage":"en-US","potentialAction":[{"@type":"ReadAction","target":["https:\/\/pujante.com\/politica-de-calidad\/"]}]},{"@type":"BreadcrumbList","@id":"https:\/\/pujante.com\/politica-de-calidad\/#breadcrumb","itemListElement":[{"@type":"ListItem","position":1,"name":"Portada","item":"https:\/\/pujante.com\/"},{"@type":"ListItem","position":2,"name":"Pol\u00edtica de Calidad"}]},{"@type":"WebSite","@id":"https:\/\/pujante.com\/#website","url":"https:\/\/pujante.com\/","name":"Pujante","description":"El \u00fanico pollo nacido y criado en la Regi\u00f3n de Murcia","potentialAction":[{"@type":"SearchAction","target":{"@type":"EntryPoint","urlTemplate":"https:\/\/pujante.com\/?s={search_term_string}"},"query-input":{"@type":"PropertyValueSpecification","valueRequired":true,"valueName":"search_term_string"}}],"inLanguage":"en-US"}]}},"_links":{"self":[{"href":"https:\/\/pujante.com\/en\/wp-json\/wp\/v2\/pages\/14370","targetHints":{"allow":["GET"]}}],"collection":[{"href":"https:\/\/pujante.com\/en\/wp-json\/wp\/v2\/pages"}],"about":[{"href":"https:\/\/pujante.com\/en\/wp-json\/wp\/v2\/types\/page"}],"author":[{"embeddable":true,"href":"https:\/\/pujante.com\/en\/wp-json\/wp\/v2\/users\/3"}],"replies":[{"embeddable":true,"href":"https:\/\/pujante.com\/en\/wp-json\/wp\/v2\/comments?post=14370"}],"version-history":[{"count":4,"href":"https:\/\/pujante.com\/en\/wp-json\/wp\/v2\/pages\/14370\/revisions"}],"predecessor-version":[{"id":14374,"href":"https:\/\/pujante.com\/en\/wp-json\/wp\/v2\/pages\/14370\/revisions\/14374"}],"wp:attachment":[{"href":"https:\/\/pujante.com\/en\/wp-json\/wp\/v2\/media?parent=14370"}],"curies":[{"name":"wp","href":"https:\/\/api.w.org\/{rel}","templated":true}]}}