{"id":16647,"date":"2024-09-24T16:03:16","date_gmt":"2024-09-24T14:03:16","guid":{"rendered":"https:\/\/pujante.com\/?page_id=16647"},"modified":"2025-10-28T16:39:50","modified_gmt":"2025-10-28T15:39:50","slug":"contacto","status":"publish","type":"page","link":"https:\/\/pujante.com\/en\/contacto\/","title":{"rendered":"CONTACT"},"content":{"rendered":"<div data-elementor-type=\"wp-page\" data-elementor-id=\"16647\" class=\"elementor elementor-16647\" data-elementor-post-type=\"page\">\n\t\t\t\t<div class=\"elementor-element elementor-element-3dfbad7 e-flex e-con-boxed e-con e-parent\" data-id=\"3dfbad7\" data-element_type=\"container\" data-settings=\"{&quot;background_background&quot;:&quot;classic&quot;}\">\n\t\t\t\t\t<div class=\"e-con-inner\">\n\t\t<div class=\"elementor-element elementor-element-9da63af e-con-full e-flex e-con e-child\" data-id=\"9da63af\" data-element_type=\"container\">\n\t\t\t\t<div class=\"elementor-element elementor-element-7769bfa elementor-widget elementor-widget-heading\" data-id=\"7769bfa\" data-element_type=\"widget\" data-widget_type=\"heading.default\">\n\t\t\t\t<div class=\"elementor-widget-container\">\n\t\t\t\t\t<h1 class=\"elementor-heading-title elementor-size-default\">CONTACT US<\/h1>\t\t\t\t<\/div>\n\t\t\t\t<\/div>\n\t\t\t\t<\/div>\n\t\t\t\t\t<\/div>\n\t\t\t\t<\/div>\n\t\t<div class=\"elementor-element elementor-element-12b0f3e e-flex e-con-boxed e-con e-parent\" data-id=\"12b0f3e\" data-element_type=\"container\">\n\t\t\t\t\t<div class=\"e-con-inner\">\n\t\t\t\t<div class=\"elementor-element elementor-element-26a2057 elementor-widget elementor-widget-image\" data-id=\"26a2057\" data-element_type=\"widget\" data-widget_type=\"image.default\">\n\t\t\t\t<div class=\"elementor-widget-container\">\n\t\t\t\t\t\t\t\t\t\t\t\t\t\t\t<img decoding=\"async\" width=\"4\" height=\"64\" src=\"https:\/\/pujante.com\/wp-content\/uploads\/Line-1-Stroke.svg\" class=\"attachment-large size-large wp-image-16347\" alt=\"\" \/>\t\t\t\t\t\t\t\t\t\t\t\t\t\t\t<\/div>\n\t\t\t\t<\/div>\n\t\t\t\t\t<\/div>\n\t\t\t\t<\/div>\n\t\t<div class=\"elementor-element elementor-element-a444cf8 e-con-full e-flex e-con e-parent\" data-id=\"a444cf8\" data-element_type=\"container\" data-settings=\"{&quot;background_background&quot;:&quot;classic&quot;}\">\n\t\t<div class=\"elementor-element elementor-element-09c67f6 e-con-full form e-flex e-con e-child\" data-id=\"09c67f6\" data-element_type=\"container\" data-settings=\"{&quot;background_background&quot;:&quot;classic&quot;}\">\n\t\t\t\t<div class=\"elementor-element elementor-element-8509e25 elementor-widget elementor-widget-text-editor\" data-id=\"8509e25\" data-element_type=\"widget\" data-widget_type=\"text-editor.default\">\n\t\t\t\t<div class=\"elementor-widget-container\">\n\t\t\t\t\t\t\t\t\t<p>DO YOU HAVE ANY QUESTIONS?<\/p>\t\t\t\t\t\t\t\t<\/div>\n\t\t\t\t<\/div>\n\t\t\t\t<div class=\"elementor-element elementor-element-3b942f6 descripcion elementor-widget elementor-widget-text-editor\" data-id=\"3b942f6\" data-element_type=\"widget\" data-widget_type=\"text-editor.default\">\n\t\t\t\t<div class=\"elementor-widget-container\">\n\t\t\t\t\t\t\t\t\t<p>Si necesitas informaci\u00f3n o transmitirnos cualquier consulta o sugerencia, puedes hacerlo a trav\u00e9s del siguiente formulario de contacto o llam\u00e1ndonos al tel\u00e9fono <a href=\"tel:+34968606500\"><strong><span style=\"color: #a50034;\">968 606 500<\/span><\/strong>.<\/a><\/p>\t\t\t\t\t\t\t\t<\/div>\n\t\t\t\t<\/div>\n\t\t\t\t<div class=\"elementor-element elementor-element-48bf1da elementor-widget elementor-widget-heading\" data-id=\"48bf1da\" data-element_type=\"widget\" data-widget_type=\"heading.default\">\n\t\t\t\t<div class=\"elementor-widget-container\">\n\t\t\t\t\t<h2 class=\"elementor-heading-title elementor-size-default\"><u>CUSTOMER SERVICE<\/u><\/h2>\t\t\t\t<\/div>\n\t\t\t\t<\/div>\n\t\t\t\t<div class=\"elementor-element elementor-element-c24610c elementor-widget elementor-widget-text-editor\" data-id=\"c24610c\" data-element_type=\"widget\" data-widget_type=\"text-editor.default\">\n\t\t\t\t<div class=\"elementor-widget-container\">\n\t\t\t\t\t\t\t\t\t<p><strong><u>Switchboard<\/u><\/strong><\/p>\n<p>Tel. : <strong><a href=\"tel:+34968606500\">968 60 65 00<\/a><\/strong><\/p>\n<p><strong><u>Orders<\/u><\/strong><\/p>\n<p>Tel. : <b><a href=\"tel:+34968606510\">968 60 65 10 <\/a>\/ <a href=\"http:\/\/+34968606511\" data-wplink-url-error=\"true\">968 60 65 11<\/a><\/b><\/p>\n<p><a href=\"mailto:depcomer@pujante.com\"><b>depcomer@pujante.com<\/b><\/a><\/p>\t\t\t\t\t\t\t\t<\/div>\n\t\t\t\t<\/div>\n\t\t\t\t<div class=\"elementor-element elementor-element-bb85a54 elementor-widget elementor-widget-heading\" data-id=\"bb85a54\" data-element_type=\"widget\" data-widget_type=\"heading.default\">\n\t\t\t\t<div class=\"elementor-widget-container\">\n\t\t\t\t\t<h2 class=\"elementor-heading-title elementor-size-default\"><u>QUALITY CONTROL<\/u><\/h2>\t\t\t\t<\/div>\n\t\t\t\t<\/div>\n\t\t\t\t<div class=\"elementor-element elementor-element-b0e5572 elementor-widget elementor-widget-text-editor\" data-id=\"b0e5572\" data-element_type=\"widget\" data-widget_type=\"text-editor.default\">\n\t\t\t\t<div class=\"elementor-widget-container\">\n\t\t\t\t\t\t\t\t\t<p>Quality Department<\/p><p><a href=\"mailto:calidad@pujante.com\"><b>calidad@pujante.com<\/b><\/a><\/p>\t\t\t\t\t\t\t\t<\/div>\n\t\t\t\t<\/div>\n\t\t\t\t<\/div>\n\t\t<div class=\"elementor-element elementor-element-dc0284a e-con-full e-flex e-con e-child\" data-id=\"dc0284a\" data-element_type=\"container\">\n\t\t\t\t<div class=\"elementor-element elementor-element-f685c53 elementor-widget elementor-widget-google_maps\" data-id=\"f685c53\" data-element_type=\"widget\" data-widget_type=\"google_maps.default\">\n\t\t\t\t<div class=\"elementor-widget-container\">\n\t\t\t\t\t\t\t<div class=\"elementor-custom-embed\">\n\t\t\t<iframe loading=\"lazy\"\n\t\t\t\t\tsrc=\"https:\/\/maps.google.com\/maps?q=PUJANTE%20beniel&#038;t=m&#038;z=14&#038;output=embed&#038;iwloc=near\"\n\t\t\t\t\ttitle=\"PUJANTE beniel\"\n\t\t\t\t\taria-label=\"PUJANTE beniel\"\n\t\t\t><\/iframe>\n\t\t<\/div>\n\t\t\t\t\t\t<\/div>\n\t\t\t\t<\/div>\n\t\t\t\t<\/div>\n\t\t\t\t<\/div>\n\t\t<div class=\"elementor-element elementor-element-5b8642e e-flex e-con-boxed e-con e-parent\" data-id=\"5b8642e\" data-element_type=\"container\">\n\t\t\t\t\t<div class=\"e-con-inner\">\n\t\t\t\t<div class=\"elementor-element elementor-element-24e9988 elementor-widget elementor-widget-image\" data-id=\"24e9988\" data-element_type=\"widget\" data-widget_type=\"image.default\">\n\t\t\t\t<div class=\"elementor-widget-container\">\n\t\t\t\t\t\t\t\t\t\t\t\t\t\t\t<img decoding=\"async\" width=\"4\" height=\"64\" src=\"https:\/\/pujante.com\/wp-content\/uploads\/Line-1-Stroke.svg\" class=\"attachment-large size-large wp-image-16347\" alt=\"\" \/>\t\t\t\t\t\t\t\t\t\t\t\t\t\t\t<\/div>\n\t\t\t\t<\/div>\n\t\t\t\t\t<\/div>\n\t\t\t\t<\/div>\n\t\t\t\t<\/div>","protected":false},"excerpt":{"rendered":"<p>CONTACTO \u00bfTIENES PREGUNTAS? Si necesitas informaci\u00f3n o transmitirnos cualquier consulta o sugerencia, puedes hacerlo a trav\u00e9s del siguiente formulario de contacto o llam\u00e1ndonos al tel\u00e9fono 968 606 500. ATENCI\u00d3N AL CLIENTE Centralita Tlfno: 968 60 65 00 Pedidos Tlfnos: 968 60 65 10 \/ 968 60 65 11 depcomer@pujante.com CONTROL DE CALIDAD Departamento de Calidad [&hellip;]<\/p>","protected":false},"author":9,"featured_media":0,"parent":0,"menu_order":0,"comment_status":"closed","ping_status":"closed","template":"","meta":{"_acf_changed":false,"footnotes":""},"class_list":["post-16647","page","type-page","status-publish","hentry"],"acf":[],"yoast_head":"<!-- This site is optimized with the Yoast SEO plugin v26.8 - https:\/\/yoast.com\/product\/yoast-seo-wordpress\/ -->\n<title>Contacto - Pujante<\/title>\n<meta name=\"description\" content=\"\u00bfTienes preguntas? Cont\u00e1ctanos para resolver tus dudas o solicitar informaci\u00f3n sobre nuestros productos Pujante.\" \/>\n<meta name=\"robots\" content=\"index, follow, max-snippet:-1, max-image-preview:large, max-video-preview:-1\" \/>\n<link rel=\"canonical\" href=\"https:\/\/pujante.com\/en\/contacto\/\" \/>\n<meta property=\"og:locale\" content=\"en_US\" \/>\n<meta property=\"og:type\" content=\"article\" \/>\n<meta property=\"og:title\" content=\"Contacto - Pujante\" \/>\n<meta property=\"og:description\" content=\"\u00bfTienes preguntas? Cont\u00e1ctanos para resolver tus dudas o solicitar informaci\u00f3n sobre nuestros productos Pujante.\" \/>\n<meta property=\"og:url\" content=\"https:\/\/pujante.com\/en\/contacto\/\" \/>\n<meta property=\"og:site_name\" content=\"Pujante\" \/>\n<meta property=\"article:modified_time\" content=\"2025-10-28T15:39:50+00:00\" \/>\n<meta name=\"twitter:card\" content=\"summary_large_image\" \/>\n<meta name=\"twitter:label1\" content=\"Est. reading time\" \/>\n\t<meta name=\"twitter:data1\" content=\"1 minute\" \/>\n<script type=\"application\/ld+json\" class=\"yoast-schema-graph\">{\"@context\":\"https:\/\/schema.org\",\"@graph\":[{\"@type\":\"WebPage\",\"@id\":\"https:\/\/pujante.com\/contacto\/\",\"url\":\"https:\/\/pujante.com\/contacto\/\",\"name\":\"Contacto - Pujante\",\"isPartOf\":{\"@id\":\"https:\/\/pujante.com\/#website\"},\"primaryImageOfPage\":{\"@id\":\"https:\/\/pujante.com\/contacto\/#primaryimage\"},\"image\":{\"@id\":\"https:\/\/pujante.com\/contacto\/#primaryimage\"},\"thumbnailUrl\":\"https:\/\/pujante.com\/wp-content\/uploads\/Line-1-Stroke.svg\",\"datePublished\":\"2024-09-24T14:03:16+00:00\",\"dateModified\":\"2025-10-28T15:39:50+00:00\",\"description\":\"\u00bfTienes preguntas? Cont\u00e1ctanos para resolver tus dudas o solicitar informaci\u00f3n sobre nuestros productos Pujante.\",\"breadcrumb\":{\"@id\":\"https:\/\/pujante.com\/contacto\/#breadcrumb\"},\"inLanguage\":\"en-US\",\"potentialAction\":[{\"@type\":\"ReadAction\",\"target\":[\"https:\/\/pujante.com\/contacto\/\"]}]},{\"@type\":\"ImageObject\",\"inLanguage\":\"en-US\",\"@id\":\"https:\/\/pujante.com\/contacto\/#primaryimage\",\"url\":\"https:\/\/pujante.com\/wp-content\/uploads\/Line-1-Stroke.svg\",\"contentUrl\":\"https:\/\/pujante.com\/wp-content\/uploads\/Line-1-Stroke.svg\"},{\"@type\":\"BreadcrumbList\",\"@id\":\"https:\/\/pujante.com\/contacto\/#breadcrumb\",\"itemListElement\":[{\"@type\":\"ListItem\",\"position\":1,\"name\":\"Portada\",\"item\":\"https:\/\/pujante.com\/\"},{\"@type\":\"ListItem\",\"position\":2,\"name\":\"Contacto\"}]},{\"@type\":\"WebSite\",\"@id\":\"https:\/\/pujante.com\/#website\",\"url\":\"https:\/\/pujante.com\/\",\"name\":\"Pujante\",\"description\":\"El \u00fanico pollo nacido y criado en la Regi\u00f3n de Murcia\",\"potentialAction\":[{\"@type\":\"SearchAction\",\"target\":{\"@type\":\"EntryPoint\",\"urlTemplate\":\"https:\/\/pujante.com\/?s={search_term_string}\"},\"query-input\":{\"@type\":\"PropertyValueSpecification\",\"valueRequired\":true,\"valueName\":\"search_term_string\"}}],\"inLanguage\":\"en-US\"}]}<\/script>\n<!-- \/ Yoast SEO plugin. -->","yoast_head_json":{"title":"Contacto - Pujante","description":"\u00bfTienes preguntas? Cont\u00e1ctanos para resolver tus dudas o solicitar informaci\u00f3n sobre nuestros productos Pujante.","robots":{"index":"index","follow":"follow","max-snippet":"max-snippet:-1","max-image-preview":"max-image-preview:large","max-video-preview":"max-video-preview:-1"},"canonical":"https:\/\/pujante.com\/en\/contacto\/","og_locale":"en_US","og_type":"article","og_title":"Contacto - Pujante","og_description":"\u00bfTienes preguntas? Cont\u00e1ctanos para resolver tus dudas o solicitar informaci\u00f3n sobre nuestros productos Pujante.","og_url":"https:\/\/pujante.com\/en\/contacto\/","og_site_name":"Pujante","article_modified_time":"2025-10-28T15:39:50+00:00","twitter_card":"summary_large_image","twitter_misc":{"Est. reading time":"1 minute"},"schema":{"@context":"https:\/\/schema.org","@graph":[{"@type":"WebPage","@id":"https:\/\/pujante.com\/contacto\/","url":"https:\/\/pujante.com\/contacto\/","name":"Contacto - Pujante","isPartOf":{"@id":"https:\/\/pujante.com\/#website"},"primaryImageOfPage":{"@id":"https:\/\/pujante.com\/contacto\/#primaryimage"},"image":{"@id":"https:\/\/pujante.com\/contacto\/#primaryimage"},"thumbnailUrl":"https:\/\/pujante.com\/wp-content\/uploads\/Line-1-Stroke.svg","datePublished":"2024-09-24T14:03:16+00:00","dateModified":"2025-10-28T15:39:50+00:00","description":"\u00bfTienes preguntas? Cont\u00e1ctanos para resolver tus dudas o solicitar informaci\u00f3n sobre nuestros productos Pujante.","breadcrumb":{"@id":"https:\/\/pujante.com\/contacto\/#breadcrumb"},"inLanguage":"en-US","potentialAction":[{"@type":"ReadAction","target":["https:\/\/pujante.com\/contacto\/"]}]},{"@type":"ImageObject","inLanguage":"en-US","@id":"https:\/\/pujante.com\/contacto\/#primaryimage","url":"https:\/\/pujante.com\/wp-content\/uploads\/Line-1-Stroke.svg","contentUrl":"https:\/\/pujante.com\/wp-content\/uploads\/Line-1-Stroke.svg"},{"@type":"BreadcrumbList","@id":"https:\/\/pujante.com\/contacto\/#breadcrumb","itemListElement":[{"@type":"ListItem","position":1,"name":"Portada","item":"https:\/\/pujante.com\/"},{"@type":"ListItem","position":2,"name":"Contacto"}]},{"@type":"WebSite","@id":"https:\/\/pujante.com\/#website","url":"https:\/\/pujante.com\/","name":"Pujante","description":"El \u00fanico pollo nacido y criado en la Regi\u00f3n de Murcia","potentialAction":[{"@type":"SearchAction","target":{"@type":"EntryPoint","urlTemplate":"https:\/\/pujante.com\/?s={search_term_string}"},"query-input":{"@type":"PropertyValueSpecification","valueRequired":true,"valueName":"search_term_string"}}],"inLanguage":"en-US"}]}},"_links":{"self":[{"href":"https:\/\/pujante.com\/en\/wp-json\/wp\/v2\/pages\/16647","targetHints":{"allow":["GET"]}}],"collection":[{"href":"https:\/\/pujante.com\/en\/wp-json\/wp\/v2\/pages"}],"about":[{"href":"https:\/\/pujante.com\/en\/wp-json\/wp\/v2\/types\/page"}],"author":[{"embeddable":true,"href":"https:\/\/pujante.com\/en\/wp-json\/wp\/v2\/users\/9"}],"replies":[{"embeddable":true,"href":"https:\/\/pujante.com\/en\/wp-json\/wp\/v2\/comments?post=16647"}],"version-history":[{"count":5,"href":"https:\/\/pujante.com\/en\/wp-json\/wp\/v2\/pages\/16647\/revisions"}],"predecessor-version":[{"id":22283,"href":"https:\/\/pujante.com\/en\/wp-json\/wp\/v2\/pages\/16647\/revisions\/22283"}],"wp:attachment":[{"href":"https:\/\/pujante.com\/en\/wp-json\/wp\/v2\/media?parent=16647"}],"curies":[{"name":"wp","href":"https:\/\/api.w.org\/{rel}","templated":true}]}}