{"id":18844,"date":"2024-12-26T18:41:27","date_gmt":"2024-12-26T17:41:27","guid":{"rendered":"https:\/\/pujante.eliosoft.com\/?post_type=product&#038;p=18844"},"modified":"2025-01-09T10:20:17","modified_gmt":"2025-01-09T09:20:17","slug":"origenes-brooklyn-alitas-pollo","status":"publish","type":"product","link":"https:\/\/pujante.com\/en\/product\/origenes-brooklyn-alitas-pollo\/","title":{"rendered":"Or\u00edgenes Brooklyn"},"content":{"rendered":"<h4><strong>C\u00f3mo preparar alitas de pollo Brooklyn:<\/strong><\/h4>\n<p>&nbsp;<\/p>\n<div class=\"page\" title=\"Page 2\">\n<div class=\"layoutArea\">\n<div class=\"column\">\n<p>1)Las alitas esta\u0301n listas para cocinar. No necesitan aceite ni sal.<\/p>\n<p>2)Se pueden preparar en un horno, una sarte\u0301n o una freidora sin aceite.<\/p>\n<p>3)Tapa las alitas durante su primera fase de coccio\u0301n, para aprovechar su jugo natural y obtener una salsa para chuparse los dedos. Destapa al final para darles un toque crujiente extra.<\/p>\n<p>4)Acompa\u0301n\u0303alas de patatas, arroz, verduras o la guarnicio\u0301n que ma\u0301s te guste. \u00a1Van bien con todo!<\/p>\n<p>5)Una vez abierto, recuerda consumir en menos de 24 horas.<\/p>\n<\/div>\n<\/div>\n<p>Importante: el tiempo de cocci\u00f3n podr\u00e1 variar en funci\u00f3n de la potencia del equipo usado y de la cantidad de piezas.<\/p>\n<ul>\n<li data-pm-slice=\"1 1 []\">Horno: 10-12 minutos a 220\u00baC com precalentamiento horno de 10 min.<\/li>\n<li>Fritura en aceite: 8-10 minutos 180\u00baC.<\/li>\n<\/ul>\n<p data-pm-slice=\"1 1 []\"><em>Consejo Pujante: prueba a prepararlos en tu freidora de aire. Tan s\u00f3lo te llevar\u00e1 15 min. a 185\u00ba y quedar\u00e1n jugosos por dentro y doraditos por fuera.<\/em><\/p>\n<\/div>","protected":false},"excerpt":{"rendered":"<p class=\"translation-block\">The <strong>Alitas Brooklyn<\/strong> are the barbecue-style wings from the Or\u00edgenes Pujante range. They are marinated chicken wings, split into drumette and flat portions for convenience, with a light <strong>barbecue seasoning<\/strong>.<\/p>\n<p>Easy to cook, these wings are perfect in their own juices, ready for any side dish and ideal for a snack with friends.<\/p>","protected":false},"featured_media":20633,"template":"","meta":{"_acf_changed":false},"product_brand":[],"product_cat":[27],"product_tag":[],"class_list":{"0":"post-18844","1":"product","2":"type-product","3":"status-publish","4":"has-post-thumbnail","6":"product_cat-elaborados","8":"first","9":"instock","10":"shipping-taxable","11":"product-type-simple"},"acf":[],"yoast_head":"<!-- This site is optimized with the Yoast SEO plugin v26.8 - https:\/\/yoast.com\/product\/yoast-seo-wordpress\/ -->\n<title>Or\u00edgenes Brooklyn - Pujante<\/title>\n<meta name=\"robots\" content=\"index, follow, max-snippet:-1, max-image-preview:large, max-video-preview:-1\" \/>\n<link rel=\"canonical\" href=\"https:\/\/pujante.com\/en\/product\/origenes-brooklyn-alitas-pollo\/\" \/>\n<meta property=\"og:locale\" content=\"en_US\" \/>\n<meta property=\"og:type\" content=\"article\" \/>\n<meta property=\"og:title\" content=\"Or\u00edgenes Brooklyn - Pujante\" \/>\n<meta property=\"og:description\" content=\"Las Alitas Brooklyn de la gama Or\u00edgenes Pujante son alitas de pollo (ala partida a nivel del h\u00famero y a nivel de las falanges obteniendo blanqueta y al\u00f3n) blanco adobadas, con un suave toque barbacoa.  F\u00e1ciles de cocinar, estas alitas quedan perfectas en su jugo, listas para cualquier acompa\u00f1amiento e ideales para un picoteo con amigos.\" \/>\n<meta property=\"og:url\" content=\"https:\/\/pujante.com\/en\/product\/origenes-brooklyn-alitas-pollo\/\" \/>\n<meta property=\"og:site_name\" content=\"Pujante\" \/>\n<meta property=\"article:modified_time\" content=\"2025-01-09T09:20:17+00:00\" \/>\n<meta property=\"og:image\" content=\"https:\/\/pujante.com\/wp-content\/uploads\/01-78147-Origenes-Brooklyn.jpg\" \/>\n\t<meta property=\"og:image:width\" content=\"1920\" \/>\n\t<meta property=\"og:image:height\" content=\"1280\" \/>\n\t<meta property=\"og:image:type\" content=\"image\/jpeg\" \/>\n<meta name=\"twitter:card\" content=\"summary_large_image\" \/>\n<meta name=\"twitter:label1\" content=\"Est. reading time\" \/>\n\t<meta name=\"twitter:data1\" content=\"1 minute\" \/>\n<script type=\"application\/ld+json\" class=\"yoast-schema-graph\">{\"@context\":\"https:\/\/schema.org\",\"@graph\":[{\"@type\":\"WebPage\",\"@id\":\"https:\/\/pujante.com\/producto\/origenes-brooklyn-alitas-pollo\/\",\"url\":\"https:\/\/pujante.com\/producto\/origenes-brooklyn-alitas-pollo\/\",\"name\":\"Or\u00edgenes Brooklyn - Pujante\",\"isPartOf\":{\"@id\":\"https:\/\/pujante.com\/#website\"},\"primaryImageOfPage\":{\"@id\":\"https:\/\/pujante.com\/producto\/origenes-brooklyn-alitas-pollo\/#primaryimage\"},\"image\":{\"@id\":\"https:\/\/pujante.com\/producto\/origenes-brooklyn-alitas-pollo\/#primaryimage\"},\"thumbnailUrl\":\"https:\/\/pujante.com\/wp-content\/uploads\/01-78147-Origenes-Brooklyn.jpg\",\"datePublished\":\"2024-12-26T17:41:27+00:00\",\"dateModified\":\"2025-01-09T09:20:17+00:00\",\"breadcrumb\":{\"@id\":\"https:\/\/pujante.com\/producto\/origenes-brooklyn-alitas-pollo\/#breadcrumb\"},\"inLanguage\":\"en-US\",\"potentialAction\":[{\"@type\":\"ReadAction\",\"target\":[\"https:\/\/pujante.com\/producto\/origenes-brooklyn-alitas-pollo\/\"]}]},{\"@type\":\"ImageObject\",\"inLanguage\":\"en-US\",\"@id\":\"https:\/\/pujante.com\/producto\/origenes-brooklyn-alitas-pollo\/#primaryimage\",\"url\":\"https:\/\/pujante.com\/wp-content\/uploads\/01-78147-Origenes-Brooklyn.jpg\",\"contentUrl\":\"https:\/\/pujante.com\/wp-content\/uploads\/01-78147-Origenes-Brooklyn.jpg\",\"width\":1920,\"height\":1280},{\"@type\":\"BreadcrumbList\",\"@id\":\"https:\/\/pujante.com\/producto\/origenes-brooklyn-alitas-pollo\/#breadcrumb\",\"itemListElement\":[{\"@type\":\"ListItem\",\"position\":1,\"name\":\"Portada\",\"item\":\"https:\/\/pujante.com\/\"},{\"@type\":\"ListItem\",\"position\":2,\"name\":\"Productos\",\"item\":\"https:\/\/pujante.com\/shop\/\"},{\"@type\":\"ListItem\",\"position\":3,\"name\":\"Or\u00edgenes Brooklyn\"}]},{\"@type\":\"WebSite\",\"@id\":\"https:\/\/pujante.com\/#website\",\"url\":\"https:\/\/pujante.com\/\",\"name\":\"Pujante\",\"description\":\"El \u00fanico pollo nacido y criado en la Regi\u00f3n de Murcia\",\"potentialAction\":[{\"@type\":\"SearchAction\",\"target\":{\"@type\":\"EntryPoint\",\"urlTemplate\":\"https:\/\/pujante.com\/?s={search_term_string}\"},\"query-input\":{\"@type\":\"PropertyValueSpecification\",\"valueRequired\":true,\"valueName\":\"search_term_string\"}}],\"inLanguage\":\"en-US\"}]}<\/script>\n<!-- \/ Yoast SEO plugin. -->","yoast_head_json":{"title":"Or\u00edgenes Brooklyn - Pujante","robots":{"index":"index","follow":"follow","max-snippet":"max-snippet:-1","max-image-preview":"max-image-preview:large","max-video-preview":"max-video-preview:-1"},"canonical":"https:\/\/pujante.com\/en\/product\/origenes-brooklyn-alitas-pollo\/","og_locale":"en_US","og_type":"article","og_title":"Or\u00edgenes Brooklyn - Pujante","og_description":"Las Alitas Brooklyn de la gama Or\u00edgenes Pujante son alitas de pollo (ala partida a nivel del h\u00famero y a nivel de las falanges obteniendo blanqueta y al\u00f3n) blanco adobadas, con un suave toque barbacoa.  F\u00e1ciles de cocinar, estas alitas quedan perfectas en su jugo, listas para cualquier acompa\u00f1amiento e ideales para un picoteo con amigos.","og_url":"https:\/\/pujante.com\/en\/product\/origenes-brooklyn-alitas-pollo\/","og_site_name":"Pujante","article_modified_time":"2025-01-09T09:20:17+00:00","og_image":[{"width":1920,"height":1280,"url":"https:\/\/pujante.com\/wp-content\/uploads\/01-78147-Origenes-Brooklyn.jpg","type":"image\/jpeg"}],"twitter_card":"summary_large_image","twitter_misc":{"Est. reading time":"1 minute"},"schema":{"@context":"https:\/\/schema.org","@graph":[{"@type":"WebPage","@id":"https:\/\/pujante.com\/producto\/origenes-brooklyn-alitas-pollo\/","url":"https:\/\/pujante.com\/producto\/origenes-brooklyn-alitas-pollo\/","name":"Or\u00edgenes Brooklyn - Pujante","isPartOf":{"@id":"https:\/\/pujante.com\/#website"},"primaryImageOfPage":{"@id":"https:\/\/pujante.com\/producto\/origenes-brooklyn-alitas-pollo\/#primaryimage"},"image":{"@id":"https:\/\/pujante.com\/producto\/origenes-brooklyn-alitas-pollo\/#primaryimage"},"thumbnailUrl":"https:\/\/pujante.com\/wp-content\/uploads\/01-78147-Origenes-Brooklyn.jpg","datePublished":"2024-12-26T17:41:27+00:00","dateModified":"2025-01-09T09:20:17+00:00","breadcrumb":{"@id":"https:\/\/pujante.com\/producto\/origenes-brooklyn-alitas-pollo\/#breadcrumb"},"inLanguage":"en-US","potentialAction":[{"@type":"ReadAction","target":["https:\/\/pujante.com\/producto\/origenes-brooklyn-alitas-pollo\/"]}]},{"@type":"ImageObject","inLanguage":"en-US","@id":"https:\/\/pujante.com\/producto\/origenes-brooklyn-alitas-pollo\/#primaryimage","url":"https:\/\/pujante.com\/wp-content\/uploads\/01-78147-Origenes-Brooklyn.jpg","contentUrl":"https:\/\/pujante.com\/wp-content\/uploads\/01-78147-Origenes-Brooklyn.jpg","width":1920,"height":1280},{"@type":"BreadcrumbList","@id":"https:\/\/pujante.com\/producto\/origenes-brooklyn-alitas-pollo\/#breadcrumb","itemListElement":[{"@type":"ListItem","position":1,"name":"Portada","item":"https:\/\/pujante.com\/"},{"@type":"ListItem","position":2,"name":"Productos","item":"https:\/\/pujante.com\/shop\/"},{"@type":"ListItem","position":3,"name":"Or\u00edgenes Brooklyn"}]},{"@type":"WebSite","@id":"https:\/\/pujante.com\/#website","url":"https:\/\/pujante.com\/","name":"Pujante","description":"El \u00fanico pollo nacido y criado en la Regi\u00f3n de Murcia","potentialAction":[{"@type":"SearchAction","target":{"@type":"EntryPoint","urlTemplate":"https:\/\/pujante.com\/?s={search_term_string}"},"query-input":{"@type":"PropertyValueSpecification","valueRequired":true,"valueName":"search_term_string"}}],"inLanguage":"en-US"}]}},"_links":{"self":[{"href":"https:\/\/pujante.com\/en\/wp-json\/wp\/v2\/product\/18844","targetHints":{"allow":["GET"]}}],"collection":[{"href":"https:\/\/pujante.com\/en\/wp-json\/wp\/v2\/product"}],"about":[{"href":"https:\/\/pujante.com\/en\/wp-json\/wp\/v2\/types\/product"}],"version-history":[{"count":5,"href":"https:\/\/pujante.com\/en\/wp-json\/wp\/v2\/product\/18844\/revisions"}],"predecessor-version":[{"id":20441,"href":"https:\/\/pujante.com\/en\/wp-json\/wp\/v2\/product\/18844\/revisions\/20441"}],"wp:featuredmedia":[{"embeddable":true,"href":"https:\/\/pujante.com\/en\/wp-json\/wp\/v2\/media\/20633"}],"wp:attachment":[{"href":"https:\/\/pujante.com\/en\/wp-json\/wp\/v2\/media?parent=18844"}],"wp:term":[{"taxonomy":"product_brand","embeddable":true,"href":"https:\/\/pujante.com\/en\/wp-json\/wp\/v2\/product_brand?post=18844"},{"taxonomy":"product_cat","embeddable":true,"href":"https:\/\/pujante.com\/en\/wp-json\/wp\/v2\/product_cat?post=18844"},{"taxonomy":"product_tag","embeddable":true,"href":"https:\/\/pujante.com\/en\/wp-json\/wp\/v2\/product_tag?post=18844"}],"curies":[{"name":"wp","href":"https:\/\/api.w.org\/{rel}","templated":true}]}}