{"id":18850,"date":"2024-12-26T18:42:31","date_gmt":"2024-12-26T17:42:31","guid":{"rendered":"https:\/\/pujante.eliosoft.com\/?post_type=product&#038;p=18850"},"modified":"2025-01-09T10:21:40","modified_gmt":"2025-01-09T09:21:40","slug":"origenes-argentina-jamoncitos-de-pollo","status":"publish","type":"product","link":"https:\/\/pujante.com\/en\/product\/origenes-argentina-jamoncitos-de-pollo\/","title":{"rendered":"Or\u00edgenes Argentina"},"content":{"rendered":"<h4><strong>C\u00f3mo preparar los Jamoncitos Argentina:<\/strong><\/h4>\n<p>&nbsp;<\/p>\n<p>1) Los jamoncitos est\u00e1n <strong>listos para cocinar<\/strong>. No necesitan aceite ni sal.<\/p>\n<p>2)Se pueden preparar en un horno, una sart\u00e9n o una freidora sin aceite.<\/p>\n<p>3)Tapa los jamoncitos durante su primera fase de cocci\u00f3n, para aprovechar su jugo natural y obtener una salsa para chuparse los dedos. Destapa al final para darles un toque crujiente extra.<\/p>\n<p>4)Pru\u00e9balos solos o acomp\u00e1\u00f1alos de patatas, arroz, verduras o la guarnici\u00f3n que m\u00e1s te guste. Su sabor conjuga a la perfecci\u00f3n con un acompa\u00f1amiento suave.<\/p>\n<p>5)Una vez abierto, recuerda consumir en menos de 24 horas.<\/p>\n<p>&nbsp;<\/p>\n<p><span style=\"text-decoration: underline;\">Importante:<\/span> el tiempo de cocci\u00f3n podr\u00e1 variar en funci\u00f3n de la potencia del equipo usado y de la cantidad de piezas.<\/p>\n<ul>\n<li data-pm-slice=\"1 1 []\">Plancha o barbacoa: 25 min con volteado a mitad de proceso.<\/li>\n<li>El Jamoncito Argentina (jamoncito abierto) se cocina en 10 minutos menos, es decir, el abierto en 12 min\/cara y sin abrir 17 min por cara.<\/li>\n<\/ul>\n<p data-pm-slice=\"1 1 []\"><em>Consejo Pujante: prueba a prepararlos en tu freidora de aire. Tan s\u00f3lo te llevar\u00e1 15 min. a 185\u00ba y quedar\u00e1n jugosos por dentro y doraditos por fuera.<\/em><\/p>","protected":false},"excerpt":{"rendered":"<p class=\"translation-block\">The Jamoncitos Argentina of the Or\u00edgenes Pujante range are tasty little hams (tibia and fibula) of white chicken, opened and seasoned, with an aromatic chimichurri sauce.<\/p>\n<p>These little hams are very easy to cook in their own juices. When opened, the whole surface of the meat is cooked to perfection. Undoubtedly, it is a very attractive dish to invite friends over.<\/p>","protected":false},"featured_media":20634,"template":"","meta":{"_acf_changed":false},"product_brand":[],"product_cat":[27],"product_tag":[],"class_list":{"0":"post-18850","1":"product","2":"type-product","3":"status-publish","4":"has-post-thumbnail","6":"product_cat-elaborados","8":"first","9":"instock","10":"shipping-taxable","11":"product-type-simple"},"acf":[],"yoast_head":"<!-- This site is optimized with the Yoast SEO plugin v26.8 - https:\/\/yoast.com\/product\/yoast-seo-wordpress\/ -->\n<title>Or\u00edgenes Argentina - Pujante<\/title>\n<meta name=\"robots\" content=\"index, follow, max-snippet:-1, max-image-preview:large, max-video-preview:-1\" \/>\n<link rel=\"canonical\" href=\"https:\/\/pujante.com\/en\/product\/origenes-argentina-jamoncitos-de-pollo\/\" \/>\n<meta property=\"og:locale\" content=\"en_US\" \/>\n<meta property=\"og:type\" content=\"article\" \/>\n<meta property=\"og:title\" content=\"Or\u00edgenes Argentina - Pujante\" \/>\n<meta property=\"og:description\" content=\"Los Jamoncitos Argentina de la gama Or\u00edgenes Pujante son sabrosos jamoncitos (tibia y peron\u00e9) de pollo blanco abiertos y sazonados, con una arom\u00e1tica salsa chimichurri.  Estos jamoncitos son muy f\u00e1ciles de cocinar en su propio jugo. Al ir abiertos, toda la superficie de la carne queda en su punto perfecto de cocci\u00f3n. Sin duda, es un plato muy llamativo para convidar a los amigos.\" \/>\n<meta property=\"og:url\" content=\"https:\/\/pujante.com\/en\/product\/origenes-argentina-jamoncitos-de-pollo\/\" \/>\n<meta property=\"og:site_name\" content=\"Pujante\" \/>\n<meta property=\"article:modified_time\" content=\"2025-01-09T09:21:40+00:00\" \/>\n<meta property=\"og:image\" content=\"https:\/\/pujante.com\/wp-content\/uploads\/02-78146-Origenes-Argentina.jpg\" \/>\n\t<meta property=\"og:image:width\" content=\"1920\" \/>\n\t<meta property=\"og:image:height\" content=\"1280\" \/>\n\t<meta property=\"og:image:type\" content=\"image\/jpeg\" \/>\n<meta name=\"twitter:card\" content=\"summary_large_image\" \/>\n<meta name=\"twitter:label1\" content=\"Est. reading time\" \/>\n\t<meta name=\"twitter:data1\" content=\"2 minutes\" \/>\n<script type=\"application\/ld+json\" class=\"yoast-schema-graph\">{\"@context\":\"https:\/\/schema.org\",\"@graph\":[{\"@type\":\"WebPage\",\"@id\":\"https:\/\/pujante.com\/producto\/origenes-argentina-jamoncitos-de-pollo\/\",\"url\":\"https:\/\/pujante.com\/producto\/origenes-argentina-jamoncitos-de-pollo\/\",\"name\":\"Or\u00edgenes Argentina - Pujante\",\"isPartOf\":{\"@id\":\"https:\/\/pujante.com\/#website\"},\"primaryImageOfPage\":{\"@id\":\"https:\/\/pujante.com\/producto\/origenes-argentina-jamoncitos-de-pollo\/#primaryimage\"},\"image\":{\"@id\":\"https:\/\/pujante.com\/producto\/origenes-argentina-jamoncitos-de-pollo\/#primaryimage\"},\"thumbnailUrl\":\"https:\/\/pujante.com\/wp-content\/uploads\/02-78146-Origenes-Argentina.jpg\",\"datePublished\":\"2024-12-26T17:42:31+00:00\",\"dateModified\":\"2025-01-09T09:21:40+00:00\",\"breadcrumb\":{\"@id\":\"https:\/\/pujante.com\/producto\/origenes-argentina-jamoncitos-de-pollo\/#breadcrumb\"},\"inLanguage\":\"en-US\",\"potentialAction\":[{\"@type\":\"ReadAction\",\"target\":[\"https:\/\/pujante.com\/producto\/origenes-argentina-jamoncitos-de-pollo\/\"]}]},{\"@type\":\"ImageObject\",\"inLanguage\":\"en-US\",\"@id\":\"https:\/\/pujante.com\/producto\/origenes-argentina-jamoncitos-de-pollo\/#primaryimage\",\"url\":\"https:\/\/pujante.com\/wp-content\/uploads\/02-78146-Origenes-Argentina.jpg\",\"contentUrl\":\"https:\/\/pujante.com\/wp-content\/uploads\/02-78146-Origenes-Argentina.jpg\",\"width\":1920,\"height\":1280},{\"@type\":\"BreadcrumbList\",\"@id\":\"https:\/\/pujante.com\/producto\/origenes-argentina-jamoncitos-de-pollo\/#breadcrumb\",\"itemListElement\":[{\"@type\":\"ListItem\",\"position\":1,\"name\":\"Portada\",\"item\":\"https:\/\/pujante.com\/\"},{\"@type\":\"ListItem\",\"position\":2,\"name\":\"Productos\",\"item\":\"https:\/\/pujante.com\/shop\/\"},{\"@type\":\"ListItem\",\"position\":3,\"name\":\"Or\u00edgenes Argentina\"}]},{\"@type\":\"WebSite\",\"@id\":\"https:\/\/pujante.com\/#website\",\"url\":\"https:\/\/pujante.com\/\",\"name\":\"Pujante\",\"description\":\"El \u00fanico pollo nacido y criado en la Regi\u00f3n de Murcia\",\"potentialAction\":[{\"@type\":\"SearchAction\",\"target\":{\"@type\":\"EntryPoint\",\"urlTemplate\":\"https:\/\/pujante.com\/?s={search_term_string}\"},\"query-input\":{\"@type\":\"PropertyValueSpecification\",\"valueRequired\":true,\"valueName\":\"search_term_string\"}}],\"inLanguage\":\"en-US\"}]}<\/script>\n<!-- \/ Yoast SEO plugin. -->","yoast_head_json":{"title":"Or\u00edgenes Argentina - Pujante","robots":{"index":"index","follow":"follow","max-snippet":"max-snippet:-1","max-image-preview":"max-image-preview:large","max-video-preview":"max-video-preview:-1"},"canonical":"https:\/\/pujante.com\/en\/product\/origenes-argentina-jamoncitos-de-pollo\/","og_locale":"en_US","og_type":"article","og_title":"Or\u00edgenes Argentina - Pujante","og_description":"Los Jamoncitos Argentina de la gama Or\u00edgenes Pujante son sabrosos jamoncitos (tibia y peron\u00e9) de pollo blanco abiertos y sazonados, con una arom\u00e1tica salsa chimichurri.  Estos jamoncitos son muy f\u00e1ciles de cocinar en su propio jugo. Al ir abiertos, toda la superficie de la carne queda en su punto perfecto de cocci\u00f3n. Sin duda, es un plato muy llamativo para convidar a los amigos.","og_url":"https:\/\/pujante.com\/en\/product\/origenes-argentina-jamoncitos-de-pollo\/","og_site_name":"Pujante","article_modified_time":"2025-01-09T09:21:40+00:00","og_image":[{"width":1920,"height":1280,"url":"https:\/\/pujante.com\/wp-content\/uploads\/02-78146-Origenes-Argentina.jpg","type":"image\/jpeg"}],"twitter_card":"summary_large_image","twitter_misc":{"Est. reading time":"2 minutes"},"schema":{"@context":"https:\/\/schema.org","@graph":[{"@type":"WebPage","@id":"https:\/\/pujante.com\/producto\/origenes-argentina-jamoncitos-de-pollo\/","url":"https:\/\/pujante.com\/producto\/origenes-argentina-jamoncitos-de-pollo\/","name":"Or\u00edgenes Argentina - Pujante","isPartOf":{"@id":"https:\/\/pujante.com\/#website"},"primaryImageOfPage":{"@id":"https:\/\/pujante.com\/producto\/origenes-argentina-jamoncitos-de-pollo\/#primaryimage"},"image":{"@id":"https:\/\/pujante.com\/producto\/origenes-argentina-jamoncitos-de-pollo\/#primaryimage"},"thumbnailUrl":"https:\/\/pujante.com\/wp-content\/uploads\/02-78146-Origenes-Argentina.jpg","datePublished":"2024-12-26T17:42:31+00:00","dateModified":"2025-01-09T09:21:40+00:00","breadcrumb":{"@id":"https:\/\/pujante.com\/producto\/origenes-argentina-jamoncitos-de-pollo\/#breadcrumb"},"inLanguage":"en-US","potentialAction":[{"@type":"ReadAction","target":["https:\/\/pujante.com\/producto\/origenes-argentina-jamoncitos-de-pollo\/"]}]},{"@type":"ImageObject","inLanguage":"en-US","@id":"https:\/\/pujante.com\/producto\/origenes-argentina-jamoncitos-de-pollo\/#primaryimage","url":"https:\/\/pujante.com\/wp-content\/uploads\/02-78146-Origenes-Argentina.jpg","contentUrl":"https:\/\/pujante.com\/wp-content\/uploads\/02-78146-Origenes-Argentina.jpg","width":1920,"height":1280},{"@type":"BreadcrumbList","@id":"https:\/\/pujante.com\/producto\/origenes-argentina-jamoncitos-de-pollo\/#breadcrumb","itemListElement":[{"@type":"ListItem","position":1,"name":"Portada","item":"https:\/\/pujante.com\/"},{"@type":"ListItem","position":2,"name":"Productos","item":"https:\/\/pujante.com\/shop\/"},{"@type":"ListItem","position":3,"name":"Or\u00edgenes Argentina"}]},{"@type":"WebSite","@id":"https:\/\/pujante.com\/#website","url":"https:\/\/pujante.com\/","name":"Pujante","description":"El \u00fanico pollo nacido y criado en la Regi\u00f3n de Murcia","potentialAction":[{"@type":"SearchAction","target":{"@type":"EntryPoint","urlTemplate":"https:\/\/pujante.com\/?s={search_term_string}"},"query-input":{"@type":"PropertyValueSpecification","valueRequired":true,"valueName":"search_term_string"}}],"inLanguage":"en-US"}]}},"_links":{"self":[{"href":"https:\/\/pujante.com\/en\/wp-json\/wp\/v2\/product\/18850","targetHints":{"allow":["GET"]}}],"collection":[{"href":"https:\/\/pujante.com\/en\/wp-json\/wp\/v2\/product"}],"about":[{"href":"https:\/\/pujante.com\/en\/wp-json\/wp\/v2\/types\/product"}],"version-history":[{"count":5,"href":"https:\/\/pujante.com\/en\/wp-json\/wp\/v2\/product\/18850\/revisions"}],"predecessor-version":[{"id":20439,"href":"https:\/\/pujante.com\/en\/wp-json\/wp\/v2\/product\/18850\/revisions\/20439"}],"wp:featuredmedia":[{"embeddable":true,"href":"https:\/\/pujante.com\/en\/wp-json\/wp\/v2\/media\/20634"}],"wp:attachment":[{"href":"https:\/\/pujante.com\/en\/wp-json\/wp\/v2\/media?parent=18850"}],"wp:term":[{"taxonomy":"product_brand","embeddable":true,"href":"https:\/\/pujante.com\/en\/wp-json\/wp\/v2\/product_brand?post=18850"},{"taxonomy":"product_cat","embeddable":true,"href":"https:\/\/pujante.com\/en\/wp-json\/wp\/v2\/product_cat?post=18850"},{"taxonomy":"product_tag","embeddable":true,"href":"https:\/\/pujante.com\/en\/wp-json\/wp\/v2\/product_tag?post=18850"}],"curies":[{"name":"wp","href":"https:\/\/api.w.org\/{rel}","templated":true}]}}