{"id":3147,"date":"2021-10-07T19:59:46","date_gmt":"2021-10-07T17:59:46","guid":{"rendered":"https:\/\/pujante.com\/?post_type=product&#038;p=3147"},"modified":"2025-04-07T14:33:35","modified_gmt":"2025-04-07T12:33:35","slug":"longanizas-de-pollo","status":"publish","type":"product","link":"https:\/\/pujante.com\/en\/product\/longanizas-de-pollo\/","title":{"rendered":"Chicken Sausages"},"content":{"rendered":"","protected":false},"excerpt":{"rendered":"<p class=\"translation-block\">Our chicken sausages are tender, juicy, and low in fat.<\/p>\n<p>A healthy option free from allergens, sugars, additives, and preservatives\u2014yet full of flavor.<\/p>","protected":false},"featured_media":21270,"template":"","meta":{"_acf_changed":false},"product_brand":[],"product_cat":[27],"product_tag":[],"class_list":{"0":"post-3147","1":"product","2":"type-product","3":"status-publish","4":"has-post-thumbnail","6":"product_cat-elaborados","8":"first","9":"instock","10":"shipping-taxable","11":"product-type-simple"},"acf":[],"yoast_head":"<!-- This site is optimized with the Yoast SEO plugin v27.5 - https:\/\/yoast.com\/product\/yoast-seo-wordpress\/ -->\n<title>Longanizas de pollo - Pujante<\/title>\n<meta name=\"description\" content=\"Nuestras longanizas de pollo son tiernas, jugosas y bajas en grasa. Una propuesta saludable sin al\u00e9rgenos, az\u00facares, aditivos ni conservantes. Pero eso s\u00ed, con mucho sabor.\" \/>\n<meta name=\"robots\" content=\"index, follow, max-snippet:-1, max-image-preview:large, max-video-preview:-1\" \/>\n<link rel=\"canonical\" href=\"https:\/\/pujante.com\/en\/product\/longanizas-de-pollo\/\" \/>\n<meta property=\"og:locale\" content=\"en_US\" \/>\n<meta property=\"og:type\" content=\"article\" \/>\n<meta property=\"og:title\" content=\"Longanizas de pollo - Pujante\" \/>\n<meta property=\"og:description\" content=\"Nuestras longanizas de pollo son tiernas, jugosas y bajas en grasa. Una propuesta saludable sin al\u00e9rgenos, az\u00facares, aditivos ni conservantes. Pero eso s\u00ed, con mucho sabor.\" \/>\n<meta property=\"og:url\" content=\"https:\/\/pujante.com\/en\/product\/longanizas-de-pollo\/\" \/>\n<meta property=\"og:site_name\" content=\"Pujante\" \/>\n<meta property=\"article:modified_time\" content=\"2025-04-07T12:33:35+00:00\" \/>\n<meta property=\"og:image\" content=\"https:\/\/pujante.com\/wp-content\/uploads\/09-Longaniza.jpg\" \/>\n\t<meta property=\"og:image:width\" content=\"1920\" \/>\n\t<meta property=\"og:image:height\" content=\"1280\" \/>\n\t<meta property=\"og:image:type\" content=\"image\/jpeg\" \/>\n<meta name=\"twitter:card\" content=\"summary_large_image\" \/>\n<meta name=\"twitter:label1\" content=\"Est. reading time\" \/>\n\t<meta name=\"twitter:data1\" content=\"1 minute\" \/>\n<script type=\"application\/ld+json\" class=\"yoast-schema-graph\">{\"@context\":\"https:\\\/\\\/schema.org\",\"@graph\":[{\"@type\":\"WebPage\",\"@id\":\"https:\\\/\\\/pujante.com\\\/producto\\\/longanizas-de-pollo\\\/\",\"url\":\"https:\\\/\\\/pujante.com\\\/producto\\\/longanizas-de-pollo\\\/\",\"name\":\"Longanizas de pollo - Pujante\",\"isPartOf\":{\"@id\":\"https:\\\/\\\/pujante.com\\\/#website\"},\"primaryImageOfPage\":{\"@id\":\"https:\\\/\\\/pujante.com\\\/producto\\\/longanizas-de-pollo\\\/#primaryimage\"},\"image\":{\"@id\":\"https:\\\/\\\/pujante.com\\\/producto\\\/longanizas-de-pollo\\\/#primaryimage\"},\"thumbnailUrl\":\"https:\\\/\\\/pujante.com\\\/wp-content\\\/uploads\\\/09-Longaniza.jpg\",\"datePublished\":\"2021-10-07T17:59:46+00:00\",\"dateModified\":\"2025-04-07T12:33:35+00:00\",\"description\":\"Nuestras longanizas de pollo son tiernas, jugosas y bajas en grasa. Una propuesta saludable sin al\u00e9rgenos, az\u00facares, aditivos ni conservantes. Pero eso s\u00ed, con mucho sabor.\",\"breadcrumb\":{\"@id\":\"https:\\\/\\\/pujante.com\\\/producto\\\/longanizas-de-pollo\\\/#breadcrumb\"},\"inLanguage\":\"en-US\",\"potentialAction\":[{\"@type\":\"ReadAction\",\"target\":[\"https:\\\/\\\/pujante.com\\\/producto\\\/longanizas-de-pollo\\\/\"]}]},{\"@type\":\"ImageObject\",\"inLanguage\":\"en-US\",\"@id\":\"https:\\\/\\\/pujante.com\\\/producto\\\/longanizas-de-pollo\\\/#primaryimage\",\"url\":\"https:\\\/\\\/pujante.com\\\/wp-content\\\/uploads\\\/09-Longaniza.jpg\",\"contentUrl\":\"https:\\\/\\\/pujante.com\\\/wp-content\\\/uploads\\\/09-Longaniza.jpg\",\"width\":1920,\"height\":1280},{\"@type\":\"BreadcrumbList\",\"@id\":\"https:\\\/\\\/pujante.com\\\/producto\\\/longanizas-de-pollo\\\/#breadcrumb\",\"itemListElement\":[{\"@type\":\"ListItem\",\"position\":1,\"name\":\"Portada\",\"item\":\"https:\\\/\\\/pujante.com\\\/\"},{\"@type\":\"ListItem\",\"position\":2,\"name\":\"Productos\",\"item\":\"https:\\\/\\\/pujante.com\\\/shop\\\/\"},{\"@type\":\"ListItem\",\"position\":3,\"name\":\"Longanizas de pollo\"}]},{\"@type\":\"WebSite\",\"@id\":\"https:\\\/\\\/pujante.com\\\/#website\",\"url\":\"https:\\\/\\\/pujante.com\\\/\",\"name\":\"Pujante\",\"description\":\"El \u00fanico pollo nacido y criado en la Regi\u00f3n de Murcia\",\"potentialAction\":[{\"@type\":\"SearchAction\",\"target\":{\"@type\":\"EntryPoint\",\"urlTemplate\":\"https:\\\/\\\/pujante.com\\\/?s={search_term_string}\"},\"query-input\":{\"@type\":\"PropertyValueSpecification\",\"valueRequired\":true,\"valueName\":\"search_term_string\"}}],\"inLanguage\":\"en-US\"}]}<\/script>\n<!-- \/ Yoast SEO plugin. -->","yoast_head_json":{"title":"Longanizas de pollo - Pujante","description":"Nuestras longanizas de pollo son tiernas, jugosas y bajas en grasa. Una propuesta saludable sin al\u00e9rgenos, az\u00facares, aditivos ni conservantes. Pero eso s\u00ed, con mucho sabor.","robots":{"index":"index","follow":"follow","max-snippet":"max-snippet:-1","max-image-preview":"max-image-preview:large","max-video-preview":"max-video-preview:-1"},"canonical":"https:\/\/pujante.com\/en\/product\/longanizas-de-pollo\/","og_locale":"en_US","og_type":"article","og_title":"Longanizas de pollo - Pujante","og_description":"Nuestras longanizas de pollo son tiernas, jugosas y bajas en grasa. Una propuesta saludable sin al\u00e9rgenos, az\u00facares, aditivos ni conservantes. Pero eso s\u00ed, con mucho sabor.","og_url":"https:\/\/pujante.com\/en\/product\/longanizas-de-pollo\/","og_site_name":"Pujante","article_modified_time":"2025-04-07T12:33:35+00:00","og_image":[{"width":1920,"height":1280,"url":"https:\/\/pujante.com\/wp-content\/uploads\/09-Longaniza.jpg","type":"image\/jpeg"}],"twitter_card":"summary_large_image","twitter_misc":{"Est. reading time":"1 minute"},"schema":{"@context":"https:\/\/schema.org","@graph":[{"@type":"WebPage","@id":"https:\/\/pujante.com\/producto\/longanizas-de-pollo\/","url":"https:\/\/pujante.com\/producto\/longanizas-de-pollo\/","name":"Longanizas de pollo - Pujante","isPartOf":{"@id":"https:\/\/pujante.com\/#website"},"primaryImageOfPage":{"@id":"https:\/\/pujante.com\/producto\/longanizas-de-pollo\/#primaryimage"},"image":{"@id":"https:\/\/pujante.com\/producto\/longanizas-de-pollo\/#primaryimage"},"thumbnailUrl":"https:\/\/pujante.com\/wp-content\/uploads\/09-Longaniza.jpg","datePublished":"2021-10-07T17:59:46+00:00","dateModified":"2025-04-07T12:33:35+00:00","description":"Nuestras longanizas de pollo son tiernas, jugosas y bajas en grasa. Una propuesta saludable sin al\u00e9rgenos, az\u00facares, aditivos ni conservantes. Pero eso s\u00ed, con mucho sabor.","breadcrumb":{"@id":"https:\/\/pujante.com\/producto\/longanizas-de-pollo\/#breadcrumb"},"inLanguage":"en-US","potentialAction":[{"@type":"ReadAction","target":["https:\/\/pujante.com\/producto\/longanizas-de-pollo\/"]}]},{"@type":"ImageObject","inLanguage":"en-US","@id":"https:\/\/pujante.com\/producto\/longanizas-de-pollo\/#primaryimage","url":"https:\/\/pujante.com\/wp-content\/uploads\/09-Longaniza.jpg","contentUrl":"https:\/\/pujante.com\/wp-content\/uploads\/09-Longaniza.jpg","width":1920,"height":1280},{"@type":"BreadcrumbList","@id":"https:\/\/pujante.com\/producto\/longanizas-de-pollo\/#breadcrumb","itemListElement":[{"@type":"ListItem","position":1,"name":"Portada","item":"https:\/\/pujante.com\/"},{"@type":"ListItem","position":2,"name":"Productos","item":"https:\/\/pujante.com\/shop\/"},{"@type":"ListItem","position":3,"name":"Longanizas de pollo"}]},{"@type":"WebSite","@id":"https:\/\/pujante.com\/#website","url":"https:\/\/pujante.com\/","name":"Pujante","description":"El \u00fanico pollo nacido y criado en la Regi\u00f3n de Murcia","potentialAction":[{"@type":"SearchAction","target":{"@type":"EntryPoint","urlTemplate":"https:\/\/pujante.com\/?s={search_term_string}"},"query-input":{"@type":"PropertyValueSpecification","valueRequired":true,"valueName":"search_term_string"}}],"inLanguage":"en-US"}]}},"_links":{"self":[{"href":"https:\/\/pujante.com\/en\/wp-json\/wp\/v2\/product\/3147","targetHints":{"allow":["GET"]}}],"collection":[{"href":"https:\/\/pujante.com\/en\/wp-json\/wp\/v2\/product"}],"about":[{"href":"https:\/\/pujante.com\/en\/wp-json\/wp\/v2\/types\/product"}],"version-history":[{"count":3,"href":"https:\/\/pujante.com\/en\/wp-json\/wp\/v2\/product\/3147\/revisions"}],"predecessor-version":[{"id":20447,"href":"https:\/\/pujante.com\/en\/wp-json\/wp\/v2\/product\/3147\/revisions\/20447"}],"wp:featuredmedia":[{"embeddable":true,"href":"https:\/\/pujante.com\/en\/wp-json\/wp\/v2\/media\/21270"}],"wp:attachment":[{"href":"https:\/\/pujante.com\/en\/wp-json\/wp\/v2\/media?parent=3147"}],"wp:term":[{"taxonomy":"product_brand","embeddable":true,"href":"https:\/\/pujante.com\/en\/wp-json\/wp\/v2\/product_brand?post=3147"},{"taxonomy":"product_cat","embeddable":true,"href":"https:\/\/pujante.com\/en\/wp-json\/wp\/v2\/product_cat?post=3147"},{"taxonomy":"product_tag","embeddable":true,"href":"https:\/\/pujante.com\/en\/wp-json\/wp\/v2\/product_tag?post=3147"}],"curies":[{"name":"wp","href":"https:\/\/api.w.org\/{rel}","templated":true}]}}